{"id":8300,"date":"2026-03-04T18:43:31","date_gmt":"2026-03-04T18:43:31","guid":{"rendered":"https:\/\/sofiapflege-jobs.de\/not-accept-offer\/"},"modified":"2026-03-26T10:33:57","modified_gmt":"2026-03-26T10:33:57","slug":"not-accept-offer","status":"publish","type":"page","link":"https:\/\/sofiapflege-jobs.de\/ro\/not-accept-offer\/","title":{"rendered":"Not Accept Offer"},"content":{"rendered":"\t\t<div data-elementor-type=\"wp-page\" data-elementor-id=\"8300\" class=\"elementor elementor-8300 elementor-8014\" data-elementor-post-type=\"page\">\n\t\t\t\t<div class=\"elementor-element elementor-element-3c482ed e-flex e-con-boxed e-con e-child\" data-id=\"3c482ed\" data-element_type=\"container\" data-e-type=\"container\">\n\t\t\t\t\t<div class=\"e-con-inner\">\n\t\t\t\t<div class=\"elementor-element elementor-element-f741704 acceptJobOfferTitle elementor-widget elementor-widget-heading\" data-id=\"f741704\" data-element_type=\"widget\" data-e-type=\"widget\" data-widget_type=\"heading.default\">\n\t\t\t\t\t<h2 class=\"elementor-heading-title elementor-size-default\">Ne pare r\u0103u c\u0103 clientul prezentat de noi, cu ID [ID] din [city], nu corespunde a\u0219tept\u0103rilor dumneavoastr\u0103<\/h2>\t\t\t\t<\/div>\n\t\t\t\t<div class=\"elementor-element elementor-element-d87d794 elementor-widget__width-initial elementor-widget elementor-widget-text-editor\" data-id=\"d87d794\" data-element_type=\"widget\" data-e-type=\"widget\" data-widget_type=\"text-editor.default\">\n\t\t\t\t\t\t\t\t\t<p>V\u0103 rug\u0103m s\u0103 indica\u021bi unul dintre motivele men\u021bionate mai jos, pentru a \u00een\u021belege mai bine dorin\u021bele \u0219i a\u0219tept\u0103rile dumneavoastr\u0103. Pe aceast\u0103 baz\u0103, vom putea personaliza mai bine c\u0103utarea \u0219i v\u0103 vom putea propune pe viitor clien\u021bi mai potrivi\u021bi.<\/p>\t\t\t\t\t\t\t\t<\/div>\n\t\t\t\t\t<\/div>\n\t\t\t\t<\/div>\n\t\t<div class=\"elementor-element elementor-element-5703274 acceptJobOfferForm e-flex e-con-boxed e-con e-parent\" data-id=\"5703274\" data-element_type=\"container\" data-e-type=\"container\">\n\t\t\t\t\t<div class=\"e-con-inner\">\n\t\t\t\t<div class=\"elementor-element elementor-element-6b0155e elementor-widget__width-initial elementor-widget elementor-widget-shortcode\" data-id=\"6b0155e\" data-element_type=\"widget\" data-e-type=\"widget\" data-widget_type=\"shortcode.default\">\n\t\t\t\t\t\t\t<div class=\"elementor-shortcode\"><div class=\"forminator-ui forminator-custom-form forminator-custom-form-8195 forminator-design--default  forminator_ajax\" data-forminator-render=\"0\" data-form=\"forminator-module-8195\" data-uid=\"69f3f38d80d53\"><br\/><\/div><form\n\t\t\t\tid=\"forminator-module-8195\"\n\t\t\t\tclass=\"forminator-ui forminator-custom-form forminator-custom-form-8195 forminator-design--default  forminator_ajax\"\n\t\t\t\tmethod=\"post\"\n\t\t\t\tdata-forminator-render=\"0\"\n\t\t\t\tdata-form-id=\"8195\"\n\t\t\t\t\n\t\t\t\tdata-design=\"default\"\n\t\t\t\tdata-color-option=\"theme\"\n\t\t\t\t\n\t\t\t\t\n\t\t\t\t\n\t\t\t\tdata-grid=\"open\"\n\t\t\t\t\n\t\t\t\t\n\t\t\t\tstyle=\"display: none;\"\n\t\t\t\t\n\t\t\t\tdata-uid=\"69f3f38d80d53\"\n\t\t\t><div role=\"alert\" aria-live=\"polite\" class=\"forminator-response-message forminator-error\" aria-hidden=\"true\"><\/div><div class=\"forminator-row\"><div id=\"select-1\" class=\"forminator-field-select forminator-col forminator-col-12 \"><div class=\"forminator-field\"><label for=\"forminator-form-8195__field--select-1_69f3f38d80d53\" id=\"forminator-form-8195__field--select-1_69f3f38d80d53-label\" class=\"forminator-label\">Motiv <span class=\"forminator-required\">*<\/span><\/label><select  id=\"forminator-form-8195__field--select-1_69f3f38d80d53\" class=\"forminator-select--field forminator-select2 forminator-select2-multiple\" data-required=\"1\" name=\"select-1\" data-default-value=\"\" data-hidden-behavior=\"zero\" data-placeholder=\"Motiv\" data-search=\"false\" data-search-placeholder=\"Motiv\" data-checkbox=\"false\" data-allow-clear=\"false\" aria-labelledby=\"forminator-form-8195__field--select-1_69f3f38d80d53-label\"><option value=\"\"  >Motiv<\/option><option value=\"314\"  data-calculation=\"0\">Nu vreau s\u0103 \u00eengrijesc dou\u0103 persoane<\/option><option value=\"49\"  data-calculation=\"0\">Am acceptat deja un alt client<\/option><option value=\"79\"  data-calculation=\"0\">\u00cencep s\u0103 lucrez cu o alt\u0103 companie<\/option><option value=\"23\"  data-calculation=\"0\">Nu vreau s\u0103 lucrez ca persoan\u0103 fizic\u0103 autorizat\u0103<\/option><option value=\"315\"  data-calculation=\"0\">Nu vreau animale de companie<\/option><option value=\"24\"  data-calculation=\"0\">Vreau transport direct<\/option><option value=\"25\"  data-calculation=\"0\">Nu pot din motive familiale<\/option><option value=\"316\"  data-calculation=\"0\">Nu accept clien\u021bi \u00een aceast\u0103 perioad\u0103<\/option><option value=\"387\"  data-calculation=\"0\">Lucrez deja ca persoan\u0103 fizic\u0103 autorizat\u0103 cu o alt\u0103 companie<\/option><option value=\"26\"  data-calculation=\"0\">Am probleme de s\u0103n\u0103tate<\/option><option value=\"317\"  data-calculation=\"0\">Nu \u00eemi place cazarea<\/option><option value=\"27\"  data-calculation=\"0\">Nu \u00eemi place aceast\u0103 regiune<\/option><option value=\"392\"  data-calculation=\"0\">Nu vreau un client complet nou<\/option><option value=\"318\"  data-calculation=\"0\">Nu vreau s\u0103 dau un motiv<\/option><option value=\"28\"  data-calculation=\"0\">Aceast\u0103 perioad\u0103 nu se potrive\u0219te cu planurile mele personale<\/option><option value=\"80\"  data-calculation=\"0\">M\u0103 voi \u00eentoarce la clientul meu anterior<\/option><option value=\"319\"  data-calculation=\"0\">Am nevoie de o baie \u0219i o toalet\u0103 separate<\/option><option value=\"320\"  data-calculation=\"0\">\u00cen zona clientului sunt prea pu\u021bine posibilit\u0103\u021bi de cump\u0103r\u0103turi<\/option><option value=\"393\"  data-calculation=\"0\">Apartamentul clientului este prea mic<\/option><option value=\"29\"  data-calculation=\"0\">Acest caz este prea dificil pentru mine<\/option><option value=\"30\"  data-calculation=\"0\">Tariful este prea mic<\/option><option value=\"83\"  data-calculation=\"0\">Vreau s\u0103 lucrez doar \u00eempreun\u0103 cu so\u021bul \/ so\u021bia mea<\/option><\/select><\/div><\/div><\/div><div class=\"forminator-row\"><div id=\"textarea-1\" class=\"forminator-field-textarea forminator-col forminator-col-12 \"><div class=\"forminator-field\"><label for=\"forminator-field-textarea-1_69f3f38d80d53\" id=\"forminator-field-textarea-1_69f3f38d80d53-label\" class=\"forminator-label\">Dac\u0103 niciunul dintre motivele men\u021bionate nu este potrivit, v\u0103 rug\u0103m s\u0103 indica\u021bi aici motivul dumneavoastr\u0103:<\/label><textarea name=\"textarea-1\" placeholder=\"\" id=\"forminator-field-textarea-1_69f3f38d80d53\" class=\"forminator-textarea\" rows=\"6\" style=\"min-height:140px;\" ><\/textarea><\/div><\/div><\/div><div class=\"forminator-row forminator-hidden\"><input type=\"hidden\" id=\"hidden-1_69f3f38d80d53\" name=\"hidden-1\" value=\"\" \/><\/div><div class=\"forminator-row forminator-hidden\"><input type=\"hidden\" id=\"hidden-2_69f3f38d80d53\" name=\"hidden-2\" value=\"4\" \/><\/div><div class=\"forminator-row forminator-hidden\"><input type=\"hidden\" id=\"hidden-3_69f3f38d80d53\" name=\"hidden-3\" value=\"ro\" \/><\/div><div class=\"forminator-row forminator-hidden\"><input type=\"hidden\" id=\"hidden-4_69f3f38d80d53\" name=\"hidden-4\" value=\"\" \/><\/div><div class=\"forminator-row forminator-hidden\"><input type=\"hidden\" id=\"hidden-5_69f3f38d80d53\" name=\"hidden-5\" value=\"\" \/><\/div><div class=\"forminator-row forminator-hidden\"><input type=\"hidden\" id=\"hidden-6_69f3f38d80d53\" name=\"hidden-6\" value=\"\" \/><\/div><div class=\"forminator-row forminator-hidden\"><input type=\"hidden\" id=\"hidden-7_69f3f38d80d53\" name=\"hidden-7\" value=\"\" \/><\/div><div class=\"forminator-row forminator-hidden\"><input type=\"hidden\" id=\"hidden-8_69f3f38d80d53\" name=\"hidden-8\" value=\"\" \/><\/div><div class=\"forminator-row forminator-hidden\"><input type=\"hidden\" id=\"hidden-9_69f3f38d80d53\" name=\"hidden-9\" value=\"\" \/><\/div><input type=\"hidden\" name=\"referer_url\" value=\"\" \/><div class=\"forminator-row forminator-row-last\"><div class=\"forminator-col\"><div class=\"forminator-field\"><button class=\"forminator-button forminator-button-submit\">Trimite<\/button><\/div><\/div><\/div><input type=\"hidden\" id=\"forminator_nonce\" name=\"forminator_nonce\" value=\"6ec138e97b\" \/><input type=\"hidden\" name=\"_wp_http_referer\" value=\"\/ro\/wp-json\/wp\/v2\/pages\/8300\" \/><input type=\"hidden\" name=\"form_id\" value=\"8195\"><input type=\"hidden\" name=\"page_id\" value=\"8300\"><input type=\"hidden\" name=\"form_type\" value=\"default\"><input type=\"hidden\" name=\"current_url\" value=\"https:\/\/sofiapflege-jobs.de\/ro\/not-accept-offer\/\"><input type=\"hidden\" name=\"render_id\" value=\"0\"><input type=\"hidden\" name=\"action\" value=\"forminator_submit_form_custom-forms\"><\/form><\/div>\n\t\t\t\t\t\t<\/div>\n\t\t\t\t\t<\/div>\n\t\t\t\t<\/div>\n\t\t\t\t<\/div>\n\t\t","protected":false},"excerpt":{"rendered":"<p>Ne pare r\u0103u c\u0103 clientul prezentat de noi, cu ID [ID] din [city], nu corespunde a\u0219tept\u0103rilor dumneavoastr\u0103 V\u0103 rug\u0103m s\u0103 indica\u021bi unul dintre motivele men\u021bionate mai jos, pentru a \u00een\u021belege mai bine dorin\u021bele \u0219i a\u0219tept\u0103rile dumneavoastr\u0103. Pe aceast\u0103 baz\u0103, vom putea personaliza mai bine c\u0103utarea \u0219i v\u0103 vom putea propune pe viitor clien\u021bi mai potrivi\u021bi.<\/p>\n","protected":false},"author":3,"featured_media":0,"parent":0,"menu_order":0,"comment_status":"closed","ping_status":"closed","template":"","meta":{"site-sidebar-layout":"no-sidebar","site-content-layout":"page-builder","ast-site-content-layout":"full-width-container","site-content-style":"default","site-sidebar-style":"default","ast-global-header-display":"","ast-banner-title-visibility":"disabled","ast-main-header-display":"","ast-hfb-above-header-display":"","ast-hfb-below-header-display":"","ast-hfb-mobile-header-display":"","site-post-title":"","ast-breadcrumbs-content":"","ast-featured-img":"disabled","footer-sml-layout":"","ast-disable-related-posts":"","theme-transparent-header-meta":"","adv-header-id-meta":"","stick-header-meta":"","header-above-stick-meta":"","header-main-stick-meta":"","header-below-stick-meta":"","astra-migrate-meta-layouts":"default","ast-page-background-enabled":"default","ast-page-background-meta":{"desktop":{"background-color":"var(--ast-global-color-4)","background-image":"","background-repeat":"repeat","background-position":"center center","background-size":"auto","background-attachment":"scroll","background-type":"","background-media":"","overlay-type":"","overlay-color":"","overlay-opacity":"","overlay-gradient":""},"tablet":{"background-color":"","background-image":"","background-repeat":"repeat","background-position":"center center","background-size":"auto","background-attachment":"scroll","background-type":"","background-media":"","overlay-type":"","overlay-color":"","overlay-opacity":"","overlay-gradient":""},"mobile":{"background-color":"","background-image":"","background-repeat":"repeat","background-position":"center center","background-size":"auto","background-attachment":"scroll","background-type":"","background-media":"","overlay-type":"","overlay-color":"","overlay-opacity":"","overlay-gradient":""}},"ast-content-background-meta":{"desktop":{"background-color":"var(--ast-global-color-5)","background-image":"","background-repeat":"repeat","background-position":"center center","background-size":"auto","background-attachment":"scroll","background-type":"","background-media":"","overlay-type":"","overlay-color":"","overlay-opacity":"","overlay-gradient":""},"tablet":{"background-color":"var(--ast-global-color-5)","background-image":"","background-repeat":"repeat","background-position":"center center","background-size":"auto","background-attachment":"scroll","background-type":"","background-media":"","overlay-type":"","overlay-color":"","overlay-opacity":"","overlay-gradient":""},"mobile":{"background-color":"var(--ast-global-color-5)","background-image":"","background-repeat":"repeat","background-position":"center center","background-size":"auto","background-attachment":"scroll","background-type":"","background-media":"","overlay-type":"","overlay-color":"","overlay-opacity":"","overlay-gradient":""}},"footnotes":""},"class_list":["post-8300","page","type-page","status-publish","hentry"],"yoast_head":"<!-- This site is optimized with the Yoast SEO Premium plugin v27.2 (Yoast SEO v27.2) - https:\/\/yoast.com\/product\/yoast-seo-premium-wordpress\/ -->\n<title>Not Accept Offer - Sofiapflege - Daheim statt im Heim<\/title>\n<meta name=\"robots\" content=\"index, follow, max-snippet:-1, max-image-preview:large, max-video-preview:-1\" \/>\n<link rel=\"canonical\" href=\"https:\/\/sofiapflege-jobs.de\/not-accept-offer\/\" \/>\n<meta property=\"og:locale\" content=\"ro_RO\" \/>\n<meta property=\"og:type\" content=\"article\" \/>\n<meta property=\"og:title\" content=\"Not Accept Offer\" \/>\n<meta property=\"og:description\" content=\"Ne pare r\u0103u c\u0103 clientul prezentat de noi, cu ID [ID] din [city], nu corespunde a\u0219tept\u0103rilor dumneavoastr\u0103 V\u0103 rug\u0103m s\u0103 indica\u021bi unul dintre motivele men\u021bionate mai jos, pentru a \u00een\u021belege mai bine dorin\u021bele \u0219i a\u0219tept\u0103rile dumneavoastr\u0103. Pe aceast\u0103 baz\u0103, vom putea personaliza mai bine c\u0103utarea \u0219i v\u0103 vom putea propune pe viitor clien\u021bi mai potrivi\u021bi.\" \/>\n<meta property=\"og:url\" content=\"https:\/\/sofiapflege-jobs.de\/not-accept-offer\/\" \/>\n<meta property=\"og:site_name\" content=\"Sofiapflege - Daheim statt im Heim\" \/>\n<meta property=\"article:modified_time\" content=\"2026-03-26T10:33:57+00:00\" \/>\n<meta name=\"twitter:card\" content=\"summary_large_image\" \/>\n<meta name=\"twitter:label1\" content=\"Timp estimat pentru citire\" \/>\n\t<meta name=\"twitter:data1\" content=\"2 minute\" \/>\n<script type=\"application\/ld+json\" class=\"yoast-schema-graph\">{\"@context\":\"https:\/\/schema.org\",\"@graph\":[{\"@type\":\"WebPage\",\"@id\":\"https:\/\/sofiapflege-jobs.de\/not-accept-offer\/\",\"url\":\"https:\/\/sofiapflege-jobs.de\/not-accept-offer\/\",\"name\":\"Not Accept Offer - Sofiapflege - Daheim statt im Heim\",\"isPartOf\":{\"@id\":\"https:\/\/sofiapflege-jobs.de\/#website\"},\"datePublished\":\"2026-03-04T18:43:31+00:00\",\"dateModified\":\"2026-03-26T10:33:57+00:00\",\"breadcrumb\":{\"@id\":\"https:\/\/sofiapflege-jobs.de\/not-accept-offer\/#breadcrumb\"},\"inLanguage\":\"ro-RO\",\"potentialAction\":[{\"@type\":\"ReadAction\",\"target\":[\"https:\/\/sofiapflege-jobs.de\/not-accept-offer\/\"]}]},{\"@type\":\"BreadcrumbList\",\"@id\":\"https:\/\/sofiapflege-jobs.de\/not-accept-offer\/#breadcrumb\",\"itemListElement\":[{\"@type\":\"ListItem\",\"position\":1,\"name\":\"Home\",\"item\":\"https:\/\/sofiapflege-jobs.de\/ro\/\"},{\"@type\":\"ListItem\",\"position\":2,\"name\":\"Not Accept Offer\"}]},{\"@type\":\"WebSite\",\"@id\":\"https:\/\/sofiapflege-jobs.de\/#website\",\"url\":\"https:\/\/sofiapflege-jobs.de\/\",\"name\":\"Sofiapflege\",\"description\":\"\",\"publisher\":{\"@id\":\"https:\/\/sofiapflege-jobs.de\/#organization\"},\"potentialAction\":[{\"@type\":\"SearchAction\",\"target\":{\"@type\":\"EntryPoint\",\"urlTemplate\":\"https:\/\/sofiapflege-jobs.de\/?s={search_term_string}\"},\"query-input\":{\"@type\":\"PropertyValueSpecification\",\"valueRequired\":true,\"valueName\":\"search_term_string\"}}],\"inLanguage\":\"ro-RO\"},{\"@type\":\"Organization\",\"@id\":\"https:\/\/sofiapflege-jobs.de\/#organization\",\"name\":\"Sofiapflege\",\"url\":\"https:\/\/sofiapflege-jobs.de\/\",\"logo\":{\"@type\":\"ImageObject\",\"inLanguage\":\"ro-RO\",\"@id\":\"https:\/\/sofiapflege-jobs.de\/#\/schema\/logo\/image\/\",\"url\":\"https:\/\/sofiapflege-jobs.de\/wp-content\/uploads\/2026\/03\/logo-svg-1.svg\",\"contentUrl\":\"https:\/\/sofiapflege-jobs.de\/wp-content\/uploads\/2026\/03\/logo-svg-1.svg\",\"caption\":\"Sofiapflege\"},\"image\":{\"@id\":\"https:\/\/sofiapflege-jobs.de\/#\/schema\/logo\/image\/\"}}]}<\/script>\n<!-- \/ Yoast SEO Premium plugin. -->","yoast_head_json":{"title":"Not Accept Offer - Sofiapflege - Daheim statt im Heim","robots":{"index":"index","follow":"follow","max-snippet":"max-snippet:-1","max-image-preview":"max-image-preview:large","max-video-preview":"max-video-preview:-1"},"canonical":"https:\/\/sofiapflege-jobs.de\/not-accept-offer\/","og_locale":"ro_RO","og_type":"article","og_title":"Not Accept Offer","og_description":"Ne pare r\u0103u c\u0103 clientul prezentat de noi, cu ID [ID] din [city], nu corespunde a\u0219tept\u0103rilor dumneavoastr\u0103 V\u0103 rug\u0103m s\u0103 indica\u021bi unul dintre motivele men\u021bionate mai jos, pentru a \u00een\u021belege mai bine dorin\u021bele \u0219i a\u0219tept\u0103rile dumneavoastr\u0103. Pe aceast\u0103 baz\u0103, vom putea personaliza mai bine c\u0103utarea \u0219i v\u0103 vom putea propune pe viitor clien\u021bi mai potrivi\u021bi.","og_url":"https:\/\/sofiapflege-jobs.de\/not-accept-offer\/","og_site_name":"Sofiapflege - Daheim statt im Heim","article_modified_time":"2026-03-26T10:33:57+00:00","twitter_card":"summary_large_image","twitter_misc":{"Timp estimat pentru citire":"2 minute"},"schema":{"@context":"https:\/\/schema.org","@graph":[{"@type":"WebPage","@id":"https:\/\/sofiapflege-jobs.de\/not-accept-offer\/","url":"https:\/\/sofiapflege-jobs.de\/not-accept-offer\/","name":"Not Accept Offer - Sofiapflege - Daheim statt im Heim","isPartOf":{"@id":"https:\/\/sofiapflege-jobs.de\/#website"},"datePublished":"2026-03-04T18:43:31+00:00","dateModified":"2026-03-26T10:33:57+00:00","breadcrumb":{"@id":"https:\/\/sofiapflege-jobs.de\/not-accept-offer\/#breadcrumb"},"inLanguage":"ro-RO","potentialAction":[{"@type":"ReadAction","target":["https:\/\/sofiapflege-jobs.de\/not-accept-offer\/"]}]},{"@type":"BreadcrumbList","@id":"https:\/\/sofiapflege-jobs.de\/not-accept-offer\/#breadcrumb","itemListElement":[{"@type":"ListItem","position":1,"name":"Home","item":"https:\/\/sofiapflege-jobs.de\/ro\/"},{"@type":"ListItem","position":2,"name":"Not Accept Offer"}]},{"@type":"WebSite","@id":"https:\/\/sofiapflege-jobs.de\/#website","url":"https:\/\/sofiapflege-jobs.de\/","name":"Sofiapflege","description":"","publisher":{"@id":"https:\/\/sofiapflege-jobs.de\/#organization"},"potentialAction":[{"@type":"SearchAction","target":{"@type":"EntryPoint","urlTemplate":"https:\/\/sofiapflege-jobs.de\/?s={search_term_string}"},"query-input":{"@type":"PropertyValueSpecification","valueRequired":true,"valueName":"search_term_string"}}],"inLanguage":"ro-RO"},{"@type":"Organization","@id":"https:\/\/sofiapflege-jobs.de\/#organization","name":"Sofiapflege","url":"https:\/\/sofiapflege-jobs.de\/","logo":{"@type":"ImageObject","inLanguage":"ro-RO","@id":"https:\/\/sofiapflege-jobs.de\/#\/schema\/logo\/image\/","url":"https:\/\/sofiapflege-jobs.de\/wp-content\/uploads\/2026\/03\/logo-svg-1.svg","contentUrl":"https:\/\/sofiapflege-jobs.de\/wp-content\/uploads\/2026\/03\/logo-svg-1.svg","caption":"Sofiapflege"},"image":{"@id":"https:\/\/sofiapflege-jobs.de\/#\/schema\/logo\/image\/"}}]}},"_links":{"self":[{"href":"https:\/\/sofiapflege-jobs.de\/ro\/wp-json\/wp\/v2\/pages\/8300","targetHints":{"allow":["GET"]}}],"collection":[{"href":"https:\/\/sofiapflege-jobs.de\/ro\/wp-json\/wp\/v2\/pages"}],"about":[{"href":"https:\/\/sofiapflege-jobs.de\/ro\/wp-json\/wp\/v2\/types\/page"}],"author":[{"embeddable":true,"href":"https:\/\/sofiapflege-jobs.de\/ro\/wp-json\/wp\/v2\/users\/3"}],"replies":[{"embeddable":true,"href":"https:\/\/sofiapflege-jobs.de\/ro\/wp-json\/wp\/v2\/comments?post=8300"}],"version-history":[{"count":0,"href":"https:\/\/sofiapflege-jobs.de\/ro\/wp-json\/wp\/v2\/pages\/8300\/revisions"}],"wp:attachment":[{"href":"https:\/\/sofiapflege-jobs.de\/ro\/wp-json\/wp\/v2\/media?parent=8300"}],"curies":[{"name":"wp","href":"https:\/\/api.w.org\/{rel}","templated":true}]}}