{"id":8299,"date":"2026-03-04T18:43:31","date_gmt":"2026-03-04T18:43:31","guid":{"rendered":"https:\/\/sofiapflege-jobs.de\/not-accept-offer\/"},"modified":"2026-03-26T10:27:34","modified_gmt":"2026-03-26T10:27:34","slug":"not-accept-offer","status":"publish","type":"page","link":"https:\/\/sofiapflege-jobs.de\/pl\/not-accept-offer\/","title":{"rendered":"Not Accept Offer"},"content":{"rendered":"\t\t<div data-elementor-type=\"wp-page\" data-elementor-id=\"8299\" class=\"elementor elementor-8299 elementor-8014\" data-elementor-post-type=\"page\">\n\t\t\t\t<div class=\"elementor-element elementor-element-3c482ed e-flex e-con-boxed e-con e-child\" data-id=\"3c482ed\" data-element_type=\"container\" data-e-type=\"container\">\n\t\t\t\t\t<div class=\"e-con-inner\">\n\t\t\t\t<div class=\"elementor-element elementor-element-f741704 acceptJobOfferTitle elementor-widget elementor-widget-heading\" data-id=\"f741704\" data-element_type=\"widget\" data-e-type=\"widget\" data-widget_type=\"heading.default\">\n\t\t\t\t\t<h2 class=\"elementor-heading-title elementor-size-default\">Przykro nam, \u017ce przedstawiony przez nas klient o ID [ID] z [city] nie spe\u0142nia Pa\u0144stwa oczekiwa\u0144<\/h2>\t\t\t\t<\/div>\n\t\t\t\t<div class=\"elementor-element elementor-element-d87d794 elementor-widget__width-initial elementor-widget elementor-widget-text-editor\" data-id=\"d87d794\" data-element_type=\"widget\" data-e-type=\"widget\" data-widget_type=\"text-editor.default\">\n\t\t\t\t\t\t\t\t\t<p>Prosimy o wskazanie jednego z powod\u00f3w wymienionych poni\u017cej, aby\u015bmy mogli lepiej zrozumie\u0107 Pa\u0144stwa \u017cyczenia i oczekiwania. Na tej podstawie b\u0119dziemy mogli lepiej dostosowa\u0107 wyszukiwanie i w przysz\u0142o\u015bci przedstawia\u0107 Pa\u0144stwu bardziej odpowiednich klient\u00f3w.<\/p>\t\t\t\t\t\t\t\t<\/div>\n\t\t\t\t\t<\/div>\n\t\t\t\t<\/div>\n\t\t<div class=\"elementor-element elementor-element-5703274 acceptJobOfferForm e-flex e-con-boxed e-con e-parent\" data-id=\"5703274\" data-element_type=\"container\" data-e-type=\"container\">\n\t\t\t\t\t<div class=\"e-con-inner\">\n\t\t\t\t<div class=\"elementor-element elementor-element-6b0155e elementor-widget__width-initial elementor-widget elementor-widget-shortcode\" data-id=\"6b0155e\" data-element_type=\"widget\" data-e-type=\"widget\" data-widget_type=\"shortcode.default\">\n\t\t\t\t\t\t\t<div class=\"elementor-shortcode\"><div class=\"forminator-ui forminator-custom-form forminator-custom-form-8197 forminator-design--default  forminator_ajax\" data-forminator-render=\"0\" data-form=\"forminator-module-8197\" data-uid=\"69f3f46105f0f\"><br\/><\/div><form\n\t\t\t\tid=\"forminator-module-8197\"\n\t\t\t\tclass=\"forminator-ui forminator-custom-form forminator-custom-form-8197 forminator-design--default  forminator_ajax\"\n\t\t\t\tmethod=\"post\"\n\t\t\t\tdata-forminator-render=\"0\"\n\t\t\t\tdata-form-id=\"8197\"\n\t\t\t\t\n\t\t\t\tdata-design=\"default\"\n\t\t\t\tdata-color-option=\"theme\"\n\t\t\t\t\n\t\t\t\t\n\t\t\t\t\n\t\t\t\tdata-grid=\"open\"\n\t\t\t\t\n\t\t\t\t\n\t\t\t\tstyle=\"display: none;\"\n\t\t\t\t\n\t\t\t\tdata-uid=\"69f3f46105f0f\"\n\t\t\t><div role=\"alert\" aria-live=\"polite\" class=\"forminator-response-message forminator-error\" aria-hidden=\"true\"><\/div><div class=\"forminator-row\"><div id=\"select-1\" class=\"forminator-field-select forminator-col forminator-col-12 \"><div class=\"forminator-field\"><label for=\"forminator-form-8197__field--select-1_69f3f46105f0f\" id=\"forminator-form-8197__field--select-1_69f3f46105f0f-label\" class=\"forminator-label\">Pow\u00f3d <span class=\"forminator-required\">*<\/span><\/label><select  id=\"forminator-form-8197__field--select-1_69f3f46105f0f\" class=\"forminator-select--field forminator-select2 forminator-select2-multiple\" data-required=\"1\" name=\"select-1\" data-default-value=\"\" data-hidden-behavior=\"zero\" data-placeholder=\"Pow\u00f3d\" data-search=\"false\" data-search-placeholder=\"Pow\u00f3d\" data-checkbox=\"false\" data-allow-clear=\"false\" aria-labelledby=\"forminator-form-8197__field--select-1_69f3f46105f0f-label\"><option value=\"\"  >Pow\u00f3d<\/option><option value=\"307\"  data-calculation=\"0\">Nie chc\u0119 opiekowa\u0107 si\u0119 dwiema osobami<\/option><option value=\"48\"  data-calculation=\"0\">Przyj\u0119\u0142am ju\u017c innego klienta<\/option><option value=\"75\"  data-calculation=\"0\">Zaczynam prac\u0119 z inn\u0105 firm\u0105<\/option><option value=\"15\"  data-calculation=\"0\">Nie chc\u0119 pracowa\u0107 jako samozatrudniona<\/option><option value=\"308\"  data-calculation=\"0\">Nie chc\u0119 zwierz\u0105t domowych<\/option><option value=\"16\"  data-calculation=\"0\">Chc\u0119 bezpo\u015bredni transport<\/option><option value=\"17\"  data-calculation=\"0\">Nie mog\u0119 z powod\u00f3w rodzinnych<\/option><option value=\"309\"  data-calculation=\"0\">Nie przyjmuj\u0119 klient\u00f3w w tym okresie<\/option><option value=\"388\"  data-calculation=\"0\">Ju\u017c pracuj\u0119 jako samozatrudniona z inn\u0105 firm\u0105<\/option><option value=\"18\"  data-calculation=\"0\">Mam problemy zdrowotne<\/option><option value=\"310\"  data-calculation=\"0\">Nie podoba mi si\u0119 zakwaterowanie<\/option><option value=\"19\"  data-calculation=\"0\">Nie podoba mi si\u0119 ten region<\/option><option value=\"390\"  data-calculation=\"0\">Nie chc\u0119 ca\u0142kowicie nowego klienta<\/option><option value=\"313\"  data-calculation=\"0\">Nie chc\u0119 podawa\u0107 powodu<\/option><option value=\"20\"  data-calculation=\"0\">Ten okres nie pasuje do moich prywatnych plan\u00f3w,<\/option><option value=\"76\"  data-calculation=\"0\">Wr\u00f3c\u0119 do mojego poprzedniego klienta<\/option><option value=\"311\"  data-calculation=\"0\">Potrzebuj\u0119 oddzielnej \u0142azienki i toalety<\/option><option value=\"312\"  data-calculation=\"0\">W okolicy klienta jest zbyt ma\u0142o sklep\u00f3w<\/option><option value=\"395\"  data-calculation=\"0\">Mieszkanie klienta jest za ma\u0142e<\/option><option value=\"21\"  data-calculation=\"0\">Ten przypadek jest dla mnie zbyt trudny<\/option><option value=\"22\"  data-calculation=\"0\">Stawka jest zbyt niska<\/option><option value=\"78\"  data-calculation=\"0\">Chc\u0119 pracowa\u0107 tylko razem z ma\u0142\u017conkiem \/ ma\u0142\u017conk\u0105<\/option><\/select><\/div><\/div><\/div><div class=\"forminator-row\"><div id=\"textarea-1\" class=\"forminator-field-textarea forminator-col forminator-col-12 \"><div class=\"forminator-field\"><label for=\"forminator-field-textarea-1_69f3f46105f0f\" id=\"forminator-field-textarea-1_69f3f46105f0f-label\" class=\"forminator-label\">Je\u015bli \u017cadna z podanych przyczyn nie jest odpowiednia, prosimy o podanie tutaj w\u0142asnej przyczyny.<\/label><textarea name=\"textarea-1\" placeholder=\"\" id=\"forminator-field-textarea-1_69f3f46105f0f\" class=\"forminator-textarea\" rows=\"6\" style=\"min-height:140px;\" ><\/textarea><\/div><\/div><\/div><div class=\"forminator-row forminator-hidden\"><input type=\"hidden\" id=\"hidden-1_69f3f46105f0f\" name=\"hidden-1\" value=\"\" \/><\/div><div class=\"forminator-row forminator-hidden\"><input type=\"hidden\" id=\"hidden-2_69f3f46105f0f\" name=\"hidden-2\" value=\"4\" \/><\/div><div class=\"forminator-row forminator-hidden\"><input type=\"hidden\" id=\"hidden-3_69f3f46105f0f\" name=\"hidden-3\" value=\"pl\" \/><\/div><div class=\"forminator-row forminator-hidden\"><input type=\"hidden\" id=\"hidden-4_69f3f46105f0f\" name=\"hidden-4\" value=\"\" \/><\/div><div class=\"forminator-row forminator-hidden\"><input type=\"hidden\" id=\"hidden-5_69f3f46105f0f\" name=\"hidden-5\" value=\"\" \/><\/div><div class=\"forminator-row forminator-hidden\"><input type=\"hidden\" id=\"hidden-6_69f3f46105f0f\" name=\"hidden-6\" value=\"\" \/><\/div><div class=\"forminator-row forminator-hidden\"><input type=\"hidden\" id=\"hidden-7_69f3f46105f0f\" name=\"hidden-7\" value=\"\" \/><\/div><div class=\"forminator-row forminator-hidden\"><input type=\"hidden\" id=\"hidden-8_69f3f46105f0f\" name=\"hidden-8\" value=\"\" \/><\/div><div class=\"forminator-row forminator-hidden\"><input type=\"hidden\" id=\"hidden-9_69f3f46105f0f\" name=\"hidden-9\" value=\"\" \/><\/div><input type=\"hidden\" name=\"referer_url\" value=\"\" \/><div class=\"forminator-row forminator-row-last\"><div class=\"forminator-col\"><div class=\"forminator-field\"><button class=\"forminator-button forminator-button-submit\">Wy\u015blij<\/button><\/div><\/div><\/div><input type=\"hidden\" id=\"forminator_nonce\" name=\"forminator_nonce\" value=\"4d14451cef\" \/><input type=\"hidden\" name=\"_wp_http_referer\" value=\"\/pl\/wp-json\/wp\/v2\/pages\/8299\" \/><input type=\"hidden\" name=\"form_id\" value=\"8197\"><input type=\"hidden\" name=\"page_id\" value=\"8299\"><input type=\"hidden\" name=\"form_type\" value=\"default\"><input type=\"hidden\" name=\"current_url\" value=\"https:\/\/sofiapflege-jobs.de\/pl\/not-accept-offer\/\"><input type=\"hidden\" name=\"render_id\" value=\"0\"><input type=\"hidden\" name=\"action\" value=\"forminator_submit_form_custom-forms\"><\/form><\/div>\n\t\t\t\t\t\t<\/div>\n\t\t\t\t\t<\/div>\n\t\t\t\t<\/div>\n\t\t\t\t<\/div>\n\t\t","protected":false},"excerpt":{"rendered":"<p>Przykro nam, \u017ce przedstawiony przez nas klient o ID [ID] z [city] nie spe\u0142nia Pa\u0144stwa oczekiwa\u0144 Prosimy o wskazanie jednego z powod\u00f3w wymienionych poni\u017cej, aby\u015bmy mogli lepiej zrozumie\u0107 Pa\u0144stwa \u017cyczenia i oczekiwania. Na tej podstawie b\u0119dziemy mogli lepiej dostosowa\u0107 wyszukiwanie i w przysz\u0142o\u015bci przedstawia\u0107 Pa\u0144stwu bardziej odpowiednich klient\u00f3w.<\/p>\n","protected":false},"author":3,"featured_media":0,"parent":0,"menu_order":0,"comment_status":"closed","ping_status":"closed","template":"","meta":{"site-sidebar-layout":"no-sidebar","site-content-layout":"page-builder","ast-site-content-layout":"full-width-container","site-content-style":"default","site-sidebar-style":"default","ast-global-header-display":"","ast-banner-title-visibility":"disabled","ast-main-header-display":"","ast-hfb-above-header-display":"","ast-hfb-below-header-display":"","ast-hfb-mobile-header-display":"","site-post-title":"","ast-breadcrumbs-content":"","ast-featured-img":"disabled","footer-sml-layout":"","ast-disable-related-posts":"","theme-transparent-header-meta":"","adv-header-id-meta":"","stick-header-meta":"","header-above-stick-meta":"","header-main-stick-meta":"","header-below-stick-meta":"","astra-migrate-meta-layouts":"default","ast-page-background-enabled":"default","ast-page-background-meta":{"desktop":{"background-color":"var(--ast-global-color-4)","background-image":"","background-repeat":"repeat","background-position":"center center","background-size":"auto","background-attachment":"scroll","background-type":"","background-media":"","overlay-type":"","overlay-color":"","overlay-opacity":"","overlay-gradient":""},"tablet":{"background-color":"","background-image":"","background-repeat":"repeat","background-position":"center center","background-size":"auto","background-attachment":"scroll","background-type":"","background-media":"","overlay-type":"","overlay-color":"","overlay-opacity":"","overlay-gradient":""},"mobile":{"background-color":"","background-image":"","background-repeat":"repeat","background-position":"center center","background-size":"auto","background-attachment":"scroll","background-type":"","background-media":"","overlay-type":"","overlay-color":"","overlay-opacity":"","overlay-gradient":""}},"ast-content-background-meta":{"desktop":{"background-color":"var(--ast-global-color-5)","background-image":"","background-repeat":"repeat","background-position":"center center","background-size":"auto","background-attachment":"scroll","background-type":"","background-media":"","overlay-type":"","overlay-color":"","overlay-opacity":"","overlay-gradient":""},"tablet":{"background-color":"var(--ast-global-color-5)","background-image":"","background-repeat":"repeat","background-position":"center center","background-size":"auto","background-attachment":"scroll","background-type":"","background-media":"","overlay-type":"","overlay-color":"","overlay-opacity":"","overlay-gradient":""},"mobile":{"background-color":"var(--ast-global-color-5)","background-image":"","background-repeat":"repeat","background-position":"center center","background-size":"auto","background-attachment":"scroll","background-type":"","background-media":"","overlay-type":"","overlay-color":"","overlay-opacity":"","overlay-gradient":""}},"footnotes":""},"class_list":["post-8299","page","type-page","status-publish","hentry"],"yoast_head":"<!-- This site is optimized with the Yoast SEO Premium plugin v27.2 (Yoast SEO v27.2) - https:\/\/yoast.com\/product\/yoast-seo-premium-wordpress\/ -->\n<title>Not Accept Offer - Sofiapflege - Daheim statt im Heim<\/title>\n<meta name=\"robots\" content=\"index, follow, max-snippet:-1, max-image-preview:large, max-video-preview:-1\" \/>\n<link rel=\"canonical\" href=\"https:\/\/sofiapflege-jobs.de\/not-accept-offer\/\" \/>\n<meta property=\"og:locale\" content=\"pl_PL\" \/>\n<meta property=\"og:type\" content=\"article\" \/>\n<meta property=\"og:title\" content=\"Not Accept Offer\" \/>\n<meta property=\"og:description\" content=\"Przykro nam, \u017ce przedstawiony przez nas klient o ID [ID] z [city] nie spe\u0142nia Pa\u0144stwa oczekiwa\u0144 Prosimy o wskazanie jednego z powod\u00f3w wymienionych poni\u017cej, aby\u015bmy mogli lepiej zrozumie\u0107 Pa\u0144stwa \u017cyczenia i oczekiwania. Na tej podstawie b\u0119dziemy mogli lepiej dostosowa\u0107 wyszukiwanie i w przysz\u0142o\u015bci przedstawia\u0107 Pa\u0144stwu bardziej odpowiednich klient\u00f3w.\" \/>\n<meta property=\"og:url\" content=\"https:\/\/sofiapflege-jobs.de\/not-accept-offer\/\" \/>\n<meta property=\"og:site_name\" content=\"Sofiapflege - Daheim statt im Heim\" \/>\n<meta property=\"article:modified_time\" content=\"2026-03-26T10:27:34+00:00\" \/>\n<meta name=\"twitter:card\" content=\"summary_large_image\" \/>\n<meta name=\"twitter:label1\" content=\"Szacowany czas czytania\" \/>\n\t<meta name=\"twitter:data1\" content=\"2 minuty\" \/>\n<script type=\"application\/ld+json\" class=\"yoast-schema-graph\">{\"@context\":\"https:\/\/schema.org\",\"@graph\":[{\"@type\":\"WebPage\",\"@id\":\"https:\/\/sofiapflege-jobs.de\/not-accept-offer\/\",\"url\":\"https:\/\/sofiapflege-jobs.de\/not-accept-offer\/\",\"name\":\"Not Accept Offer - Sofiapflege - Daheim statt im Heim\",\"isPartOf\":{\"@id\":\"https:\/\/sofiapflege-jobs.de\/#website\"},\"datePublished\":\"2026-03-04T18:43:31+00:00\",\"dateModified\":\"2026-03-26T10:27:34+00:00\",\"breadcrumb\":{\"@id\":\"https:\/\/sofiapflege-jobs.de\/not-accept-offer\/#breadcrumb\"},\"inLanguage\":\"pl-PL\",\"potentialAction\":[{\"@type\":\"ReadAction\",\"target\":[\"https:\/\/sofiapflege-jobs.de\/not-accept-offer\/\"]}]},{\"@type\":\"BreadcrumbList\",\"@id\":\"https:\/\/sofiapflege-jobs.de\/not-accept-offer\/#breadcrumb\",\"itemListElement\":[{\"@type\":\"ListItem\",\"position\":1,\"name\":\"Home\",\"item\":\"https:\/\/sofiapflege-jobs.de\/ro\/\"},{\"@type\":\"ListItem\",\"position\":2,\"name\":\"Not Accept Offer\"}]},{\"@type\":\"WebSite\",\"@id\":\"https:\/\/sofiapflege-jobs.de\/#website\",\"url\":\"https:\/\/sofiapflege-jobs.de\/\",\"name\":\"Sofiapflege\",\"description\":\"\",\"publisher\":{\"@id\":\"https:\/\/sofiapflege-jobs.de\/#organization\"},\"potentialAction\":[{\"@type\":\"SearchAction\",\"target\":{\"@type\":\"EntryPoint\",\"urlTemplate\":\"https:\/\/sofiapflege-jobs.de\/?s={search_term_string}\"},\"query-input\":{\"@type\":\"PropertyValueSpecification\",\"valueRequired\":true,\"valueName\":\"search_term_string\"}}],\"inLanguage\":\"pl-PL\"},{\"@type\":\"Organization\",\"@id\":\"https:\/\/sofiapflege-jobs.de\/#organization\",\"name\":\"Sofiapflege\",\"url\":\"https:\/\/sofiapflege-jobs.de\/\",\"logo\":{\"@type\":\"ImageObject\",\"inLanguage\":\"pl-PL\",\"@id\":\"https:\/\/sofiapflege-jobs.de\/#\/schema\/logo\/image\/\",\"url\":\"https:\/\/sofiapflege-jobs.de\/wp-content\/uploads\/2026\/03\/logo-svg-1.svg\",\"contentUrl\":\"https:\/\/sofiapflege-jobs.de\/wp-content\/uploads\/2026\/03\/logo-svg-1.svg\",\"caption\":\"Sofiapflege\"},\"image\":{\"@id\":\"https:\/\/sofiapflege-jobs.de\/#\/schema\/logo\/image\/\"}}]}<\/script>\n<!-- \/ Yoast SEO Premium plugin. -->","yoast_head_json":{"title":"Not Accept Offer - Sofiapflege - Daheim statt im Heim","robots":{"index":"index","follow":"follow","max-snippet":"max-snippet:-1","max-image-preview":"max-image-preview:large","max-video-preview":"max-video-preview:-1"},"canonical":"https:\/\/sofiapflege-jobs.de\/not-accept-offer\/","og_locale":"pl_PL","og_type":"article","og_title":"Not Accept Offer","og_description":"Przykro nam, \u017ce przedstawiony przez nas klient o ID [ID] z [city] nie spe\u0142nia Pa\u0144stwa oczekiwa\u0144 Prosimy o wskazanie jednego z powod\u00f3w wymienionych poni\u017cej, aby\u015bmy mogli lepiej zrozumie\u0107 Pa\u0144stwa \u017cyczenia i oczekiwania. Na tej podstawie b\u0119dziemy mogli lepiej dostosowa\u0107 wyszukiwanie i w przysz\u0142o\u015bci przedstawia\u0107 Pa\u0144stwu bardziej odpowiednich klient\u00f3w.","og_url":"https:\/\/sofiapflege-jobs.de\/not-accept-offer\/","og_site_name":"Sofiapflege - Daheim statt im Heim","article_modified_time":"2026-03-26T10:27:34+00:00","twitter_card":"summary_large_image","twitter_misc":{"Szacowany czas czytania":"2 minuty"},"schema":{"@context":"https:\/\/schema.org","@graph":[{"@type":"WebPage","@id":"https:\/\/sofiapflege-jobs.de\/not-accept-offer\/","url":"https:\/\/sofiapflege-jobs.de\/not-accept-offer\/","name":"Not Accept Offer - Sofiapflege - Daheim statt im Heim","isPartOf":{"@id":"https:\/\/sofiapflege-jobs.de\/#website"},"datePublished":"2026-03-04T18:43:31+00:00","dateModified":"2026-03-26T10:27:34+00:00","breadcrumb":{"@id":"https:\/\/sofiapflege-jobs.de\/not-accept-offer\/#breadcrumb"},"inLanguage":"pl-PL","potentialAction":[{"@type":"ReadAction","target":["https:\/\/sofiapflege-jobs.de\/not-accept-offer\/"]}]},{"@type":"BreadcrumbList","@id":"https:\/\/sofiapflege-jobs.de\/not-accept-offer\/#breadcrumb","itemListElement":[{"@type":"ListItem","position":1,"name":"Home","item":"https:\/\/sofiapflege-jobs.de\/ro\/"},{"@type":"ListItem","position":2,"name":"Not Accept Offer"}]},{"@type":"WebSite","@id":"https:\/\/sofiapflege-jobs.de\/#website","url":"https:\/\/sofiapflege-jobs.de\/","name":"Sofiapflege","description":"","publisher":{"@id":"https:\/\/sofiapflege-jobs.de\/#organization"},"potentialAction":[{"@type":"SearchAction","target":{"@type":"EntryPoint","urlTemplate":"https:\/\/sofiapflege-jobs.de\/?s={search_term_string}"},"query-input":{"@type":"PropertyValueSpecification","valueRequired":true,"valueName":"search_term_string"}}],"inLanguage":"pl-PL"},{"@type":"Organization","@id":"https:\/\/sofiapflege-jobs.de\/#organization","name":"Sofiapflege","url":"https:\/\/sofiapflege-jobs.de\/","logo":{"@type":"ImageObject","inLanguage":"pl-PL","@id":"https:\/\/sofiapflege-jobs.de\/#\/schema\/logo\/image\/","url":"https:\/\/sofiapflege-jobs.de\/wp-content\/uploads\/2026\/03\/logo-svg-1.svg","contentUrl":"https:\/\/sofiapflege-jobs.de\/wp-content\/uploads\/2026\/03\/logo-svg-1.svg","caption":"Sofiapflege"},"image":{"@id":"https:\/\/sofiapflege-jobs.de\/#\/schema\/logo\/image\/"}}]}},"_links":{"self":[{"href":"https:\/\/sofiapflege-jobs.de\/pl\/wp-json\/wp\/v2\/pages\/8299","targetHints":{"allow":["GET"]}}],"collection":[{"href":"https:\/\/sofiapflege-jobs.de\/pl\/wp-json\/wp\/v2\/pages"}],"about":[{"href":"https:\/\/sofiapflege-jobs.de\/pl\/wp-json\/wp\/v2\/types\/page"}],"author":[{"embeddable":true,"href":"https:\/\/sofiapflege-jobs.de\/pl\/wp-json\/wp\/v2\/users\/3"}],"replies":[{"embeddable":true,"href":"https:\/\/sofiapflege-jobs.de\/pl\/wp-json\/wp\/v2\/comments?post=8299"}],"version-history":[{"count":0,"href":"https:\/\/sofiapflege-jobs.de\/pl\/wp-json\/wp\/v2\/pages\/8299\/revisions"}],"wp:attachment":[{"href":"https:\/\/sofiapflege-jobs.de\/pl\/wp-json\/wp\/v2\/media?parent=8299"}],"curies":[{"name":"wp","href":"https:\/\/api.w.org\/{rel}","templated":true}]}}