{"id":7286,"date":"2026-01-26T12:22:29","date_gmt":"2026-01-26T12:22:29","guid":{"rendered":"https:\/\/sofiapflege-jobs.de\/impressum\/"},"modified":"2026-01-27T11:09:28","modified_gmt":"2026-01-27T11:09:28","slug":"impressum","status":"publish","type":"page","link":"https:\/\/sofiapflege-jobs.de\/pl\/impressum\/","title":{"rendered":"Impressum"},"content":{"rendered":"\t\t<div data-elementor-type=\"wp-page\" data-elementor-id=\"7286\" class=\"elementor elementor-7286 elementor-7283\" data-elementor-post-type=\"page\">\n\t\t\t\t<div class=\"elementor-element elementor-element-33e8183 e-flex e-con-boxed e-con e-parent\" data-id=\"33e8183\" data-element_type=\"container\" data-e-type=\"container\">\n\t\t\t\t\t<div class=\"e-con-inner\">\n\t\t\t\t<div class=\"elementor-element elementor-element-7dd5c8c elementor-widget elementor-widget-heading\" data-id=\"7dd5c8c\" data-element_type=\"widget\" data-e-type=\"widget\" data-widget_type=\"heading.default\">\n\t\t\t\t\t<h1 class=\"elementor-heading-title elementor-size-default\">Odcisk<\/h1>\t\t\t\t<\/div>\n\t\t\t\t<div class=\"elementor-element elementor-element-cd72a6f elementor-widget elementor-widget-text-editor\" data-id=\"cd72a6f\" data-element_type=\"widget\" data-e-type=\"widget\" data-widget_type=\"text-editor.default\">\n\t\t\t\t\t\t\t\t\t<p class=\"\" data-start=\"157\" data-end=\"182\"><strong data-start=\"157\" data-end=\"182\">Dane zgodnie z \u00a7 5 TMG<\/strong><\/p><h3 class=\"\" data-start=\"184\" data-end=\"211\">Dostawca niniejszej strony internetowej<\/h3><h4 class=\"\" data-start=\"213\" data-end=\"236\">Sofiapflege GmbH<\/h4><p class=\"\" data-start=\"237\" data-end=\"272\">Wilhelm-Bleyle-Stra\u00dfe 10,<br data-start=\"253\" data-end=\"256\" \/>71636 Ludwigsburg<\/p><p class=\"\" data-start=\"274\" data-end=\"387\">Telefon: 0800\/ 33 33 233<br data-start=\"299\" data-end=\"302\" \/>Faks: 07152 \/ 338 99-200<br data-start=\"329\" data-end=\"332\" \/>E-mail: <a rel=\"noopener\" data-start=\"340\" data-end=\"359\">info@sofiapflege.de<\/a><br data-start=\"359\" data-end=\"362\" \/>Strona internetowa: <a class=\"\" href=\"http:\/\/www.sofiapflege.de\" target=\"_new\" rel=\"noopener\" data-start=\"367\" data-end=\"385\">www.sofiapflege.de<\/a><\/p><p class=\"\" data-start=\"389\" data-end=\"508\">S\u0105d rejestrowy: Amtsgericht Stuttgart<br data-start=\"427\" data-end=\"430\" \/>Numer rejestrowy: HRB 744923<br data-start=\"456\" data-end=\"459\" \/>Numer identyfikacji VAT: DE293602092<\/p><p class=\"\" data-start=\"510\" data-end=\"587\">Osoby uprawnione do reprezentacji:<br data-start=\"549\" data-end=\"552\" \/>Till Kohlmann, Fabian Schnegotzki<\/p><h4 class=\"\" data-start=\"594\" data-end=\"627\">Sofiapflege Betreuung GmbH<\/h4><p class=\"\" data-start=\"628\" data-end=\"663\">Wilhelm-Bleyle-Stra\u00dfe 10,<br data-start=\"644\" data-end=\"647\" \/>71636 Ludwigsburg<\/p><p class=\"\" data-start=\"665\" data-end=\"778\">Telefon: 0800\/ 33 33 233<br data-start=\"690\" data-end=\"693\" \/>Faks: 07152 \/ 338 99-200<br data-start=\"720\" data-end=\"723\" \/>E-mail: <a rel=\"noopener\" data-start=\"731\" data-end=\"750\">info@sofiapflege.de<\/a><br data-start=\"750\" data-end=\"753\" \/>Strona internetowa: <a class=\"\" href=\"http:\/\/www.sofiapflege.de\" target=\"_new\" rel=\"noopener\" data-start=\"758\" data-end=\"776\">www.sofiapflege.de<\/a><\/p><p class=\"\" data-start=\"780\" data-end=\"899\">S\u0105d rejestrowy: Amtsgericht Stuttgart<br data-start=\"818\" data-end=\"821\" \/>Numer rejestrowy: HRB 793208<br data-start=\"847\" data-end=\"850\" \/>Numer identyfikacji VAT: DE370184465<\/p><p class=\"\" data-start=\"901\" data-end=\"978\">Osoby uprawnione do reprezentacji:<br data-start=\"940\" data-end=\"943\" \/>Till Kohlmann, Fabian Schnegotzki<\/p><p class=\"\" data-start=\"985\" data-end=\"1111\"><strong data-start=\"985\" data-end=\"1051\">Odpowiedzialny za tre\u015bci redakcyjne zgodnie z \u00a7 55 ust. 2 RStV<\/strong><br data-start=\"1051\" data-end=\"1054\" \/>Till Kohlmann<\/p><p class=\"\" data-start=\"600\" data-end=\"1296\"><strong data-start=\"600\" data-end=\"623\">Odpowiedzialno\u015b\u0107 za tre\u015bci<\/strong><br data-start=\"623\" data-end=\"626\" \/>Jako dostawca us\u0142ug ponosimy odpowiedzialno\u015b\u0107 za w\u0142asne tre\u015bci na tych stronach zgodnie z \u00a7 7 ust. 1 TMG oraz przepisami og\u00f3lnymi. Zgodnie z \u00a7\u00a7 8\u201310 TMG nie jeste\u015bmy jednak zobowi\u0105zani do monitorowania przekazywanych lub przechowywanych informacji obcych ani do poszukiwania okoliczno\u015bci wskazuj\u0105cych na dzia\u0142alno\u015b\u0107 niezgodn\u0105 z prawem. Obowi\u0105zki usuni\u0119cia lub zablokowania korzystania z informacji zgodnie z przepisami og\u00f3lnymi pozostaj\u0105 nienaruszone. Odpowiedzialno\u015b\u0107 powstaje jednak dopiero od momentu uzyskania wiedzy o konkretnym naruszeniu prawa. Po uzyskaniu informacji o takich naruszeniach niezw\u0142ocznie usuniemy dane tre\u015bci.<\/p><p class=\"\" data-start=\"1298\" data-end=\"2010\"><strong data-start=\"1298\" data-end=\"1319\">Odpowiedzialno\u015b\u0107 za linki<\/strong><br data-start=\"1319\" data-end=\"1322\" \/>Nasza oferta zawiera linki do zewn\u0119trznych stron internetowych os\u00f3b trzecich, na kt\u00f3rych tre\u015b\u0107 nie mamy wp\u0142ywu. Dlatego nie mo\u017cemy ponosi\u0107 odpowiedzialno\u015bci za te obce tre\u015bci. Za tre\u015b\u0107 stron, do kt\u00f3rych prowadz\u0105 linki, zawsze odpowiada odpowiedni dostawca lub operator strony. Strony te zosta\u0142y sprawdzone w momencie zamieszczania linku pod k\u0105tem mo\u017cliwych narusze\u0144 prawa. Tre\u015bci niezgodne z prawem nie by\u0142y w\u00f3wczas rozpoznawalne. Sta\u0142a kontrola tre\u015bci stron, do kt\u00f3rych prowadz\u0105 linki, nie jest jednak mo\u017cliwa bez konkretnych przes\u0142anek naruszenia prawa. W przypadku uzyskania informacji o naruszeniach prawa takie linki zostan\u0105 niezw\u0142ocznie usuni\u0119te.<\/p><p class=\"\" data-start=\"2012\" data-end=\"2348\"><strong data-start=\"2012\" data-end=\"2028\">Prawo autorskie<\/strong><br data-start=\"2028\" data-end=\"2031\" \/>Wszelkie prawa zastrze\u017cone. Wszystkie teksty, obrazy, grafiki, pliki audio, wideo i animacje oraz ich uk\u0142ad podlegaj\u0105 prawu autorskiemu i innym przepisom chroni\u0105cym w\u0142asno\u015b\u0107 intelektualn\u0105. Nie mog\u0105 by\u0107 kopiowane, rozpowszechniane, modyfikowane ani wykorzystywane na innych stronach internetowych.<\/p><p class=\"\" data-start=\"2350\" data-end=\"2595\"><strong data-start=\"2350\" data-end=\"2379\">Informacja o cz\u0142onkostwie<\/strong><br data-start=\"2379\" data-end=\"2382\" \/>Sofiapflege GmbH jest cz\u0142onkiem Bundesverband f\u00fcr h\u00e4usliche Betreuung und Pflege e.V. (VHBP), w celu zapewnienia najwy\u017cszych standard\u00f3w w bran\u017cy opieki oraz oferowania klientom najlepszych us\u0142ug.<\/p><p data-start=\"2350\" data-end=\"2595\"><strong>Wykorzystanie obraz\u00f3w i informacje licencyjne<\/strong>Obrazy wykorzystywane na tej stronie internetowej pochodz\u0105 z Adobe Stock oraz z w\u0142asnych produkcji. Obrazy stockowe s\u0105 chronione umowami licencyjnymi Adobe Stock i wykorzystywane zgodnie z obowi\u0105zuj\u0105cymi prawami u\u017cytkowania. Wszelkie prawa do w\u0142asnych obraz\u00f3w przys\u0142uguj\u0105 Sofiapflege GmbH. Ich wykorzystanie bez wyra\u017anej zgody jest zabronione.<\/p><p class=\"\" data-start=\"2597\" data-end=\"3044\"><strong data-start=\"2597\" data-end=\"2621\">Opieka 24-godzinna<\/strong>Wa\u017cna informacja dotycz\u0105ca u\u017cywanego na stronie terminu \u201eopieka 24-godzinna\u201d. Okre\u015blenie to jest powszechnie stosowane dla opieki w gospodarstwie domowym, jednak nie oznacza, \u017ce opiekunowie pracuj\u0105 bez przerwy lub pozostaj\u0105 w sta\u0142ej gotowo\u015bci przez 24 godziny. Bardziej adekwatnym okre\u015bleniem us\u0142ugi oferowanej przez Sofiapflege jest \u201eopieka w \u015brodowisku domowym\u201d.<\/p><p>Opiekunowie po\u015bredniczeni przez nas pracuj\u0105 z regu\u0142y maksymalnie 48 godzin tygodniowo. Czas pracy mo\u017ce by\u0107 dzielony po uzgodnieniu. Dy\u017cury nocne mog\u0105 by\u0107 ustalone w ograniczonym zakresie. Sta\u0142a gotowo\u015b\u0107 (np. baby monitor przez ca\u0142\u0105 noc) jest wykluczona. W celu zapewnienia zgodnych z prawem warunk\u00f3w pracy opiekunowie maj\u0105 prawo do odpowiednich, ci\u0105g\u0142ych okres\u00f3w odpoczynku oraz co najmniej jednego dnia wolnego w tygodniu. Ch\u0119tnie pomo\u017cemy w opracowaniu kompleksowej koncepcji opieki.<\/p><p data-start=\"2597\" data-end=\"3044\"><strong data-start=\"3046\" data-end=\"3062\">Ochrona danych<\/strong>Wi\u0119cej informacji dotycz\u0105cych ochrony danych znajd\u0105 Pa\u0144stwo w naszej <a href=\"\/datenschutz\/\">polityce prywatno\u015bci<\/a>.<\/p><p class=\"\" data-start=\"3046\" data-end=\"3121\"><strong data-start=\"3046\" data-end=\"3062\">Media spo\u0142eczno\u015bciowe<\/strong><br data-start=\"3062\" data-end=\"3065\" \/>Znajd\u0105 nas Pa\u0144stwo na nast\u0119puj\u0105cych platformach:<\/p><ul><li><a class=\"\" href=\"https:\/\/www.facebook.com\/sofiapflege?locale=de_DE\" target=\"_new\" rel=\"noopener\">Facebook<\/a><\/li><li><a class=\"\" href=\"https:\/\/www.instagram.com\/sofiapflege\/\" target=\"_new\" rel=\"noopener\">Instagram<\/a><\/li><li><a class=\"\" href=\"https:\/\/www.linkedin.com\/company\/sofiapflege-gmbh-&amp;-co.-kg\/\" target=\"_new\" rel=\"noopener\">LinkedIn<\/a><\/li><li><a class=\"\" href=\"https:\/\/www.youtube.com\/@diesofiapflege2694?themeRefresh=1\" target=\"_new\" rel=\"noopener\">YouTube<\/a><\/li><\/ul><div>Og\u00f3lne warunki um\u00f3w (AGB) Sofiapflege GmbH s\u0105 przekazywane w ramach indywidualnej dokumentacji umownej.<\/div>\t\t\t\t\t\t\t\t<\/div>\n\t\t\t\t\t<\/div>\n\t\t\t\t<\/div>\n\t\t\t\t<\/div>\n\t\t","protected":false},"excerpt":{"rendered":"<p>Odcisk Dane zgodnie z \u00a7 5 TMG Dostawca niniejszej strony internetowej Sofiapflege GmbH Wilhelm-Bleyle-Stra\u00dfe 10,71636 Ludwigsburg Telefon: 0800\/ 33 33 233Faks: 07152 \/ 338 99-200E-mail: info@sofiapflege.deStrona internetowa: www.sofiapflege.de S\u0105d rejestrowy: Amtsgericht StuttgartNumer rejestrowy: HRB 744923Numer identyfikacji VAT: DE293602092 Osoby uprawnione do reprezentacji:Till Kohlmann, Fabian Schnegotzki Sofiapflege Betreuung GmbH Wilhelm-Bleyle-Stra\u00dfe 10,71636 Ludwigsburg Telefon: 0800\/ 33 33 [&hellip;]<\/p>\n","protected":false},"author":3,"featured_media":0,"parent":0,"menu_order":0,"comment_status":"closed","ping_status":"closed","template":"","meta":{"site-sidebar-layout":"no-sidebar","site-content-layout":"page-builder","ast-site-content-layout":"full-width-container","site-content-style":"default","site-sidebar-style":"default","ast-global-header-display":"","ast-banner-title-visibility":"disabled","ast-main-header-display":"","ast-hfb-above-header-display":"","ast-hfb-below-header-display":"","ast-hfb-mobile-header-display":"","site-post-title":"","ast-breadcrumbs-content":"","ast-featured-img":"disabled","footer-sml-layout":"","ast-disable-related-posts":"","theme-transparent-header-meta":"","adv-header-id-meta":"","stick-header-meta":"","header-above-stick-meta":"","header-main-stick-meta":"","header-below-stick-meta":"","astra-migrate-meta-layouts":"default","ast-page-background-enabled":"default","ast-page-background-meta":{"desktop":{"background-color":"var(--ast-global-color-4)","background-image":"","background-repeat":"repeat","background-position":"center center","background-size":"auto","background-attachment":"scroll","background-type":"","background-media":"","overlay-type":"","overlay-color":"","overlay-opacity":"","overlay-gradient":""},"tablet":{"background-color":"","background-image":"","background-repeat":"repeat","background-position":"center center","background-size":"auto","background-attachment":"scroll","background-type":"","background-media":"","overlay-type":"","overlay-color":"","overlay-opacity":"","overlay-gradient":""},"mobile":{"background-color":"","background-image":"","background-repeat":"repeat","background-position":"center center","background-size":"auto","background-attachment":"scroll","background-type":"","background-media":"","overlay-type":"","overlay-color":"","overlay-opacity":"","overlay-gradient":""}},"ast-content-background-meta":{"desktop":{"background-color":"var(--ast-global-color-5)","background-image":"","background-repeat":"repeat","background-position":"center center","background-size":"auto","background-attachment":"scroll","background-type":"","background-media":"","overlay-type":"","overlay-color":"","overlay-opacity":"","overlay-gradient":""},"tablet":{"background-color":"var(--ast-global-color-5)","background-image":"","background-repeat":"repeat","background-position":"center center","background-size":"auto","background-attachment":"scroll","background-type":"","background-media":"","overlay-type":"","overlay-color":"","overlay-opacity":"","overlay-gradient":""},"mobile":{"background-color":"var(--ast-global-color-5)","background-image":"","background-repeat":"repeat","background-position":"center center","background-size":"auto","background-attachment":"scroll","background-type":"","background-media":"","overlay-type":"","overlay-color":"","overlay-opacity":"","overlay-gradient":""}},"footnotes":""},"class_list":["post-7286","page","type-page","status-publish","hentry"],"yoast_head":"<!-- This site is optimized with the Yoast SEO Premium plugin v27.2 (Yoast SEO v27.2) - https:\/\/yoast.com\/product\/yoast-seo-premium-wordpress\/ -->\n<title>Impressum - Sofiapflege - Daheim statt im Heim<\/title>\n<meta name=\"robots\" content=\"index, follow, max-snippet:-1, max-image-preview:large, max-video-preview:-1\" \/>\n<link rel=\"canonical\" href=\"https:\/\/sofiapflege-jobs.de\/bg\/impressum\/\" \/>\n<meta property=\"og:locale\" content=\"pl_PL\" \/>\n<meta property=\"og:type\" content=\"article\" \/>\n<meta property=\"og:title\" content=\"Impressum\" \/>\n<meta property=\"og:description\" content=\"Odcisk Dane zgodnie z \u00a7 5 TMG Dostawca niniejszej strony internetowej Sofiapflege GmbH Wilhelm-Bleyle-Stra\u00dfe 10,71636 Ludwigsburg Telefon: 0800\/ 33 33 233Faks: 07152 \/ 338 99-200E-mail: info@sofiapflege.deStrona internetowa: www.sofiapflege.de S\u0105d rejestrowy: Amtsgericht StuttgartNumer rejestrowy: HRB 744923Numer identyfikacji VAT: DE293602092 Osoby uprawnione do reprezentacji:Till Kohlmann, Fabian Schnegotzki Sofiapflege Betreuung GmbH Wilhelm-Bleyle-Stra\u00dfe 10,71636 Ludwigsburg Telefon: 0800\/ 33 33 [&hellip;]\" \/>\n<meta property=\"og:url\" content=\"https:\/\/sofiapflege-jobs.de\/bg\/impressum\/\" \/>\n<meta property=\"og:site_name\" content=\"Sofiapflege - Daheim statt im Heim\" \/>\n<meta property=\"article:modified_time\" content=\"2026-01-27T11:09:28+00:00\" \/>\n<meta name=\"twitter:card\" content=\"summary_large_image\" \/>\n<meta name=\"twitter:label1\" content=\"Szacowany czas czytania\" \/>\n\t<meta name=\"twitter:data1\" content=\"4 minuty\" \/>\n<script type=\"application\/ld+json\" class=\"yoast-schema-graph\">{\"@context\":\"https:\/\/schema.org\",\"@graph\":[{\"@type\":\"WebPage\",\"@id\":\"https:\/\/sofiapflege-jobs.de\/bg\/impressum\/\",\"url\":\"https:\/\/sofiapflege-jobs.de\/bg\/impressum\/\",\"name\":\"Impressum - Sofiapflege - Daheim statt im Heim\",\"isPartOf\":{\"@id\":\"https:\/\/sofiapflege-jobs.de\/#website\"},\"datePublished\":\"2026-01-26T12:22:29+00:00\",\"dateModified\":\"2026-01-27T11:09:28+00:00\",\"breadcrumb\":{\"@id\":\"https:\/\/sofiapflege-jobs.de\/bg\/impressum\/#breadcrumb\"},\"inLanguage\":\"pl-PL\",\"potentialAction\":[{\"@type\":\"ReadAction\",\"target\":[\"https:\/\/sofiapflege-jobs.de\/bg\/impressum\/\"]}]},{\"@type\":\"BreadcrumbList\",\"@id\":\"https:\/\/sofiapflege-jobs.de\/bg\/impressum\/#breadcrumb\",\"itemListElement\":[{\"@type\":\"ListItem\",\"position\":1,\"name\":\"Home\",\"item\":\"https:\/\/sofiapflege-jobs.de\/ro\/\"},{\"@type\":\"ListItem\",\"position\":2,\"name\":\"Impressum\"}]},{\"@type\":\"WebSite\",\"@id\":\"https:\/\/sofiapflege-jobs.de\/#website\",\"url\":\"https:\/\/sofiapflege-jobs.de\/\",\"name\":\"Sofiapflege\",\"description\":\"\",\"publisher\":{\"@id\":\"https:\/\/sofiapflege-jobs.de\/#organization\"},\"potentialAction\":[{\"@type\":\"SearchAction\",\"target\":{\"@type\":\"EntryPoint\",\"urlTemplate\":\"https:\/\/sofiapflege-jobs.de\/?s={search_term_string}\"},\"query-input\":{\"@type\":\"PropertyValueSpecification\",\"valueRequired\":true,\"valueName\":\"search_term_string\"}}],\"inLanguage\":\"pl-PL\"},{\"@type\":\"Organization\",\"@id\":\"https:\/\/sofiapflege-jobs.de\/#organization\",\"name\":\"Sofiapflege\",\"url\":\"https:\/\/sofiapflege-jobs.de\/\",\"logo\":{\"@type\":\"ImageObject\",\"inLanguage\":\"pl-PL\",\"@id\":\"https:\/\/sofiapflege-jobs.de\/#\/schema\/logo\/image\/\",\"url\":\"https:\/\/sofiapflege-jobs.de\/wp-content\/uploads\/2026\/03\/logo-svg-1.svg\",\"contentUrl\":\"https:\/\/sofiapflege-jobs.de\/wp-content\/uploads\/2026\/03\/logo-svg-1.svg\",\"caption\":\"Sofiapflege\"},\"image\":{\"@id\":\"https:\/\/sofiapflege-jobs.de\/#\/schema\/logo\/image\/\"}}]}<\/script>\n<!-- \/ Yoast SEO Premium plugin. -->","yoast_head_json":{"title":"Impressum - Sofiapflege - Daheim statt im Heim","robots":{"index":"index","follow":"follow","max-snippet":"max-snippet:-1","max-image-preview":"max-image-preview:large","max-video-preview":"max-video-preview:-1"},"canonical":"https:\/\/sofiapflege-jobs.de\/bg\/impressum\/","og_locale":"pl_PL","og_type":"article","og_title":"Impressum","og_description":"Odcisk Dane zgodnie z \u00a7 5 TMG Dostawca niniejszej strony internetowej Sofiapflege GmbH Wilhelm-Bleyle-Stra\u00dfe 10,71636 Ludwigsburg Telefon: 0800\/ 33 33 233Faks: 07152 \/ 338 99-200E-mail: info@sofiapflege.deStrona internetowa: www.sofiapflege.de S\u0105d rejestrowy: Amtsgericht StuttgartNumer rejestrowy: HRB 744923Numer identyfikacji VAT: DE293602092 Osoby uprawnione do reprezentacji:Till Kohlmann, Fabian Schnegotzki Sofiapflege Betreuung GmbH Wilhelm-Bleyle-Stra\u00dfe 10,71636 Ludwigsburg Telefon: 0800\/ 33 33 [&hellip;]","og_url":"https:\/\/sofiapflege-jobs.de\/bg\/impressum\/","og_site_name":"Sofiapflege - Daheim statt im Heim","article_modified_time":"2026-01-27T11:09:28+00:00","twitter_card":"summary_large_image","twitter_misc":{"Szacowany czas czytania":"4 minuty"},"schema":{"@context":"https:\/\/schema.org","@graph":[{"@type":"WebPage","@id":"https:\/\/sofiapflege-jobs.de\/bg\/impressum\/","url":"https:\/\/sofiapflege-jobs.de\/bg\/impressum\/","name":"Impressum - Sofiapflege - Daheim statt im Heim","isPartOf":{"@id":"https:\/\/sofiapflege-jobs.de\/#website"},"datePublished":"2026-01-26T12:22:29+00:00","dateModified":"2026-01-27T11:09:28+00:00","breadcrumb":{"@id":"https:\/\/sofiapflege-jobs.de\/bg\/impressum\/#breadcrumb"},"inLanguage":"pl-PL","potentialAction":[{"@type":"ReadAction","target":["https:\/\/sofiapflege-jobs.de\/bg\/impressum\/"]}]},{"@type":"BreadcrumbList","@id":"https:\/\/sofiapflege-jobs.de\/bg\/impressum\/#breadcrumb","itemListElement":[{"@type":"ListItem","position":1,"name":"Home","item":"https:\/\/sofiapflege-jobs.de\/ro\/"},{"@type":"ListItem","position":2,"name":"Impressum"}]},{"@type":"WebSite","@id":"https:\/\/sofiapflege-jobs.de\/#website","url":"https:\/\/sofiapflege-jobs.de\/","name":"Sofiapflege","description":"","publisher":{"@id":"https:\/\/sofiapflege-jobs.de\/#organization"},"potentialAction":[{"@type":"SearchAction","target":{"@type":"EntryPoint","urlTemplate":"https:\/\/sofiapflege-jobs.de\/?s={search_term_string}"},"query-input":{"@type":"PropertyValueSpecification","valueRequired":true,"valueName":"search_term_string"}}],"inLanguage":"pl-PL"},{"@type":"Organization","@id":"https:\/\/sofiapflege-jobs.de\/#organization","name":"Sofiapflege","url":"https:\/\/sofiapflege-jobs.de\/","logo":{"@type":"ImageObject","inLanguage":"pl-PL","@id":"https:\/\/sofiapflege-jobs.de\/#\/schema\/logo\/image\/","url":"https:\/\/sofiapflege-jobs.de\/wp-content\/uploads\/2026\/03\/logo-svg-1.svg","contentUrl":"https:\/\/sofiapflege-jobs.de\/wp-content\/uploads\/2026\/03\/logo-svg-1.svg","caption":"Sofiapflege"},"image":{"@id":"https:\/\/sofiapflege-jobs.de\/#\/schema\/logo\/image\/"}}]}},"_links":{"self":[{"href":"https:\/\/sofiapflege-jobs.de\/pl\/wp-json\/wp\/v2\/pages\/7286","targetHints":{"allow":["GET"]}}],"collection":[{"href":"https:\/\/sofiapflege-jobs.de\/pl\/wp-json\/wp\/v2\/pages"}],"about":[{"href":"https:\/\/sofiapflege-jobs.de\/pl\/wp-json\/wp\/v2\/types\/page"}],"author":[{"embeddable":true,"href":"https:\/\/sofiapflege-jobs.de\/pl\/wp-json\/wp\/v2\/users\/3"}],"replies":[{"embeddable":true,"href":"https:\/\/sofiapflege-jobs.de\/pl\/wp-json\/wp\/v2\/comments?post=7286"}],"version-history":[{"count":0,"href":"https:\/\/sofiapflege-jobs.de\/pl\/wp-json\/wp\/v2\/pages\/7286\/revisions"}],"wp:attachment":[{"href":"https:\/\/sofiapflege-jobs.de\/pl\/wp-json\/wp\/v2\/media?parent=7286"}],"curies":[{"name":"wp","href":"https:\/\/api.w.org\/{rel}","templated":true}]}}