{"id":5595,"date":"2025-10-24T14:01:21","date_gmt":"2025-10-24T14:01:21","guid":{"rendered":"https:\/\/sofiapflege-jobs.de\/danke\/"},"modified":"2025-10-24T14:15:14","modified_gmt":"2025-10-24T14:15:14","slug":"danke","status":"publish","type":"page","link":"https:\/\/sofiapflege-jobs.de\/pl\/danke\/","title":{"rendered":"Danke"},"content":{"rendered":"\t\t<div data-elementor-type=\"wp-page\" data-elementor-id=\"5595\" class=\"elementor elementor-5595 elementor-5592\" data-elementor-post-type=\"page\">\n\t\t\t\t<div class=\"elementor-element elementor-element-33589fa e-flex e-con-boxed e-con e-parent\" data-id=\"33589fa\" data-element_type=\"container\" data-e-type=\"container\" data-settings=\"{&quot;background_background&quot;:&quot;classic&quot;}\">\n\t\t\t\t\t<div class=\"e-con-inner\">\n\t\t<div class=\"elementor-element elementor-element-d97f281 e-con-full e-flex e-con e-child\" data-id=\"d97f281\" data-element_type=\"container\" data-e-type=\"container\">\n\t\t\t\t<div class=\"elementor-element elementor-element-76a42b3 elementor-widget elementor-widget-heading\" data-id=\"76a42b3\" data-element_type=\"widget\" data-e-type=\"widget\" data-widget_type=\"heading.default\">\n\t\t\t\t\t<h2 class=\"elementor-heading-title elementor-size-default\">Dzi\u0119kujemy za Twoj\u0105 wiadomo\u015b\u0107!<\/h2>\t\t\t\t<\/div>\n\t\t\t\t<div class=\"elementor-element elementor-element-e433489 elementor-widget__width-initial elementor-widget elementor-widget-text-editor\" data-id=\"e433489\" data-element_type=\"widget\" data-e-type=\"widget\" data-widget_type=\"text-editor.default\">\n\t\t\t\t\t\t\t\t\t<p class=\"p1\">Twoja wiadomo\u015b\u0107 zosta\u0142a pomy\u015blnie wys\u0142ana.<\/p><p class=\"p1\">Skontaktujemy si\u0119 z Tob\u0105 tak szybko, jak to mo\u017cliwe.<\/p>\t\t\t\t\t\t\t\t<\/div>\n\t\t\t\t<div class=\"elementor-element elementor-element-c800031 elementor-align-center elementor-widget elementor-widget-button\" data-id=\"c800031\" data-element_type=\"widget\" data-e-type=\"widget\" data-widget_type=\"button.default\">\n\t\t\t\t\t\t\t\t\t\t<a class=\"elementor-button elementor-button-link elementor-size-sm\" href=\"\/pl\/\">\n\t\t\t\t\t\t<span class=\"elementor-button-content-wrapper\">\n\t\t\t\t\t\t\t\t\t<span class=\"elementor-button-text\">Powr\u00f3t do strony g\u0142\u00f3wnej<\/span>\n\t\t\t\t\t<\/span>\n\t\t\t\t\t<\/a>\n\t\t\t\t\t\t\t\t<\/div>\n\t\t\t\t<\/div>\n\t\t\t\t\t<\/div>\n\t\t\t\t<\/div>\n\t\t\t\t<\/div>\n\t\t","protected":false},"excerpt":{"rendered":"<p>Dzi\u0119kujemy za Twoj\u0105 wiadomo\u015b\u0107! Twoja wiadomo\u015b\u0107 zosta\u0142a pomy\u015blnie wys\u0142ana. Skontaktujemy si\u0119 z Tob\u0105 tak szybko, jak to mo\u017cliwe. Powr\u00f3t do strony g\u0142\u00f3wnej<\/p>\n","protected":false},"author":3,"featured_media":0,"parent":0,"menu_order":0,"comment_status":"closed","ping_status":"closed","template":"","meta":{"site-sidebar-layout":"no-sidebar","site-content-layout":"page-builder","ast-site-content-layout":"full-width-container","site-content-style":"default","site-sidebar-style":"default","ast-global-header-display":"","ast-banner-title-visibility":"disabled","ast-main-header-display":"","ast-hfb-above-header-display":"","ast-hfb-below-header-display":"","ast-hfb-mobile-header-display":"","site-post-title":"","ast-breadcrumbs-content":"","ast-featured-img":"disabled","footer-sml-layout":"","ast-disable-related-posts":"","theme-transparent-header-meta":"","adv-header-id-meta":"","stick-header-meta":"","header-above-stick-meta":"","header-main-stick-meta":"","header-below-stick-meta":"","astra-migrate-meta-layouts":"default","ast-page-background-enabled":"default","ast-page-background-meta":{"desktop":{"background-color":"var(--ast-global-color-4)","background-image":"","background-repeat":"repeat","background-position":"center center","background-size":"auto","background-attachment":"scroll","background-type":"","background-media":"","overlay-type":"","overlay-color":"","overlay-opacity":"","overlay-gradient":""},"tablet":{"background-color":"","background-image":"","background-repeat":"repeat","background-position":"center center","background-size":"auto","background-attachment":"scroll","background-type":"","background-media":"","overlay-type":"","overlay-color":"","overlay-opacity":"","overlay-gradient":""},"mobile":{"background-color":"","background-image":"","background-repeat":"repeat","background-position":"center center","background-size":"auto","background-attachment":"scroll","background-type":"","background-media":"","overlay-type":"","overlay-color":"","overlay-opacity":"","overlay-gradient":""}},"ast-content-background-meta":{"desktop":{"background-color":"var(--ast-global-color-5)","background-image":"","background-repeat":"repeat","background-position":"center center","background-size":"auto","background-attachment":"scroll","background-type":"","background-media":"","overlay-type":"","overlay-color":"","overlay-opacity":"","overlay-gradient":""},"tablet":{"background-color":"var(--ast-global-color-5)","background-image":"","background-repeat":"repeat","background-position":"center center","background-size":"auto","background-attachment":"scroll","background-type":"","background-media":"","overlay-type":"","overlay-color":"","overlay-opacity":"","overlay-gradient":""},"mobile":{"background-color":"var(--ast-global-color-5)","background-image":"","background-repeat":"repeat","background-position":"center center","background-size":"auto","background-attachment":"scroll","background-type":"","background-media":"","overlay-type":"","overlay-color":"","overlay-opacity":"","overlay-gradient":""}},"footnotes":""},"class_list":["post-5595","page","type-page","status-publish","hentry"],"yoast_head":"<!-- This site is optimized with the Yoast SEO Premium plugin v27.2 (Yoast SEO v27.2) - https:\/\/yoast.com\/product\/yoast-seo-premium-wordpress\/ -->\n<title>Danke - Sofiapflege - Daheim statt im Heim<\/title>\n<meta name=\"robots\" content=\"index, follow, max-snippet:-1, max-image-preview:large, max-video-preview:-1\" \/>\n<link rel=\"canonical\" href=\"https:\/\/sofiapflege-jobs.de\/bg\/danke\/\" \/>\n<meta property=\"og:locale\" content=\"pl_PL\" \/>\n<meta property=\"og:type\" content=\"article\" \/>\n<meta property=\"og:title\" content=\"Danke\" \/>\n<meta property=\"og:description\" content=\"Dzi\u0119kujemy za Twoj\u0105 wiadomo\u015b\u0107! Twoja wiadomo\u015b\u0107 zosta\u0142a pomy\u015blnie wys\u0142ana. Skontaktujemy si\u0119 z Tob\u0105 tak szybko, jak to mo\u017cliwe. Powr\u00f3t do strony g\u0142\u00f3wnej\" \/>\n<meta property=\"og:url\" content=\"https:\/\/sofiapflege-jobs.de\/bg\/danke\/\" \/>\n<meta property=\"og:site_name\" content=\"Sofiapflege - Daheim statt im Heim\" \/>\n<meta property=\"article:modified_time\" content=\"2025-10-24T14:15:14+00:00\" \/>\n<meta name=\"twitter:card\" content=\"summary_large_image\" \/>\n<meta name=\"twitter:label1\" content=\"Szacowany czas czytania\" \/>\n\t<meta name=\"twitter:data1\" content=\"1 minuta\" \/>\n<script type=\"application\/ld+json\" class=\"yoast-schema-graph\">{\"@context\":\"https:\/\/schema.org\",\"@graph\":[{\"@type\":\"WebPage\",\"@id\":\"https:\/\/sofiapflege-jobs.de\/bg\/danke\/\",\"url\":\"https:\/\/sofiapflege-jobs.de\/bg\/danke\/\",\"name\":\"Danke - Sofiapflege - Daheim statt im Heim\",\"isPartOf\":{\"@id\":\"https:\/\/sofiapflege-jobs.de\/#website\"},\"datePublished\":\"2025-10-24T14:01:21+00:00\",\"dateModified\":\"2025-10-24T14:15:14+00:00\",\"breadcrumb\":{\"@id\":\"https:\/\/sofiapflege-jobs.de\/bg\/danke\/#breadcrumb\"},\"inLanguage\":\"pl-PL\",\"potentialAction\":[{\"@type\":\"ReadAction\",\"target\":[\"https:\/\/sofiapflege-jobs.de\/bg\/danke\/\"]}]},{\"@type\":\"BreadcrumbList\",\"@id\":\"https:\/\/sofiapflege-jobs.de\/bg\/danke\/#breadcrumb\",\"itemListElement\":[{\"@type\":\"ListItem\",\"position\":1,\"name\":\"Home\",\"item\":\"https:\/\/sofiapflege-jobs.de\/ro\/\"},{\"@type\":\"ListItem\",\"position\":2,\"name\":\"Danke\"}]},{\"@type\":\"WebSite\",\"@id\":\"https:\/\/sofiapflege-jobs.de\/#website\",\"url\":\"https:\/\/sofiapflege-jobs.de\/\",\"name\":\"Sofiapflege\",\"description\":\"\",\"publisher\":{\"@id\":\"https:\/\/sofiapflege-jobs.de\/#organization\"},\"potentialAction\":[{\"@type\":\"SearchAction\",\"target\":{\"@type\":\"EntryPoint\",\"urlTemplate\":\"https:\/\/sofiapflege-jobs.de\/?s={search_term_string}\"},\"query-input\":{\"@type\":\"PropertyValueSpecification\",\"valueRequired\":true,\"valueName\":\"search_term_string\"}}],\"inLanguage\":\"pl-PL\"},{\"@type\":\"Organization\",\"@id\":\"https:\/\/sofiapflege-jobs.de\/#organization\",\"name\":\"Sofiapflege\",\"url\":\"https:\/\/sofiapflege-jobs.de\/\",\"logo\":{\"@type\":\"ImageObject\",\"inLanguage\":\"pl-PL\",\"@id\":\"https:\/\/sofiapflege-jobs.de\/#\/schema\/logo\/image\/\",\"url\":\"https:\/\/sofiapflege-jobs.de\/wp-content\/uploads\/2026\/03\/logo-svg-1.svg\",\"contentUrl\":\"https:\/\/sofiapflege-jobs.de\/wp-content\/uploads\/2026\/03\/logo-svg-1.svg\",\"caption\":\"Sofiapflege\"},\"image\":{\"@id\":\"https:\/\/sofiapflege-jobs.de\/#\/schema\/logo\/image\/\"}}]}<\/script>\n<!-- \/ Yoast SEO Premium plugin. -->","yoast_head_json":{"title":"Danke - Sofiapflege - Daheim statt im Heim","robots":{"index":"index","follow":"follow","max-snippet":"max-snippet:-1","max-image-preview":"max-image-preview:large","max-video-preview":"max-video-preview:-1"},"canonical":"https:\/\/sofiapflege-jobs.de\/bg\/danke\/","og_locale":"pl_PL","og_type":"article","og_title":"Danke","og_description":"Dzi\u0119kujemy za Twoj\u0105 wiadomo\u015b\u0107! Twoja wiadomo\u015b\u0107 zosta\u0142a pomy\u015blnie wys\u0142ana. Skontaktujemy si\u0119 z Tob\u0105 tak szybko, jak to mo\u017cliwe. Powr\u00f3t do strony g\u0142\u00f3wnej","og_url":"https:\/\/sofiapflege-jobs.de\/bg\/danke\/","og_site_name":"Sofiapflege - Daheim statt im Heim","article_modified_time":"2025-10-24T14:15:14+00:00","twitter_card":"summary_large_image","twitter_misc":{"Szacowany czas czytania":"1 minuta"},"schema":{"@context":"https:\/\/schema.org","@graph":[{"@type":"WebPage","@id":"https:\/\/sofiapflege-jobs.de\/bg\/danke\/","url":"https:\/\/sofiapflege-jobs.de\/bg\/danke\/","name":"Danke - Sofiapflege - Daheim statt im Heim","isPartOf":{"@id":"https:\/\/sofiapflege-jobs.de\/#website"},"datePublished":"2025-10-24T14:01:21+00:00","dateModified":"2025-10-24T14:15:14+00:00","breadcrumb":{"@id":"https:\/\/sofiapflege-jobs.de\/bg\/danke\/#breadcrumb"},"inLanguage":"pl-PL","potentialAction":[{"@type":"ReadAction","target":["https:\/\/sofiapflege-jobs.de\/bg\/danke\/"]}]},{"@type":"BreadcrumbList","@id":"https:\/\/sofiapflege-jobs.de\/bg\/danke\/#breadcrumb","itemListElement":[{"@type":"ListItem","position":1,"name":"Home","item":"https:\/\/sofiapflege-jobs.de\/ro\/"},{"@type":"ListItem","position":2,"name":"Danke"}]},{"@type":"WebSite","@id":"https:\/\/sofiapflege-jobs.de\/#website","url":"https:\/\/sofiapflege-jobs.de\/","name":"Sofiapflege","description":"","publisher":{"@id":"https:\/\/sofiapflege-jobs.de\/#organization"},"potentialAction":[{"@type":"SearchAction","target":{"@type":"EntryPoint","urlTemplate":"https:\/\/sofiapflege-jobs.de\/?s={search_term_string}"},"query-input":{"@type":"PropertyValueSpecification","valueRequired":true,"valueName":"search_term_string"}}],"inLanguage":"pl-PL"},{"@type":"Organization","@id":"https:\/\/sofiapflege-jobs.de\/#organization","name":"Sofiapflege","url":"https:\/\/sofiapflege-jobs.de\/","logo":{"@type":"ImageObject","inLanguage":"pl-PL","@id":"https:\/\/sofiapflege-jobs.de\/#\/schema\/logo\/image\/","url":"https:\/\/sofiapflege-jobs.de\/wp-content\/uploads\/2026\/03\/logo-svg-1.svg","contentUrl":"https:\/\/sofiapflege-jobs.de\/wp-content\/uploads\/2026\/03\/logo-svg-1.svg","caption":"Sofiapflege"},"image":{"@id":"https:\/\/sofiapflege-jobs.de\/#\/schema\/logo\/image\/"}}]}},"_links":{"self":[{"href":"https:\/\/sofiapflege-jobs.de\/pl\/wp-json\/wp\/v2\/pages\/5595","targetHints":{"allow":["GET"]}}],"collection":[{"href":"https:\/\/sofiapflege-jobs.de\/pl\/wp-json\/wp\/v2\/pages"}],"about":[{"href":"https:\/\/sofiapflege-jobs.de\/pl\/wp-json\/wp\/v2\/types\/page"}],"author":[{"embeddable":true,"href":"https:\/\/sofiapflege-jobs.de\/pl\/wp-json\/wp\/v2\/users\/3"}],"replies":[{"embeddable":true,"href":"https:\/\/sofiapflege-jobs.de\/pl\/wp-json\/wp\/v2\/comments?post=5595"}],"version-history":[{"count":0,"href":"https:\/\/sofiapflege-jobs.de\/pl\/wp-json\/wp\/v2\/pages\/5595\/revisions"}],"wp:attachment":[{"href":"https:\/\/sofiapflege-jobs.de\/pl\/wp-json\/wp\/v2\/media?parent=5595"}],"curies":[{"name":"wp","href":"https:\/\/api.w.org\/{rel}","templated":true}]}}