{"id":8298,"date":"2026-03-04T18:43:31","date_gmt":"2026-03-04T18:43:31","guid":{"rendered":"https:\/\/sofiapflege-jobs.de\/not-accept-offer\/"},"modified":"2026-03-26T10:07:33","modified_gmt":"2026-03-26T10:07:33","slug":"not-accept-offer","status":"publish","type":"page","link":"https:\/\/sofiapflege-jobs.de\/hu\/not-accept-offer\/","title":{"rendered":"Not Accept Offer"},"content":{"rendered":"\t\t<div data-elementor-type=\"wp-page\" data-elementor-id=\"8298\" class=\"elementor elementor-8298 elementor-8014\" data-elementor-post-type=\"page\">\n\t\t\t\t<div class=\"elementor-element elementor-element-3c482ed e-flex e-con-boxed e-con e-child\" data-id=\"3c482ed\" data-element_type=\"container\" data-e-type=\"container\">\n\t\t\t\t\t<div class=\"e-con-inner\">\n\t\t\t\t<div class=\"elementor-element elementor-element-f741704 acceptJobOfferTitle elementor-widget elementor-widget-heading\" data-id=\"f741704\" data-element_type=\"widget\" data-e-type=\"widget\" data-widget_type=\"heading.default\">\n\t\t\t\t\t<h2 class=\"elementor-heading-title elementor-size-default\">Sajn\u00e1ljuk, hogy az \u00e1ltalunk bemutatott, [ID] azonos\u00edt\u00f3j\u00fa, [city] \u00fcgyf\u00e9l nem felel meg az \u00d6n elv\u00e1r\u00e1sainak<\/h2>\t\t\t\t<\/div>\n\t\t\t\t<div class=\"elementor-element elementor-element-d87d794 elementor-widget__width-initial elementor-widget elementor-widget-text-editor\" data-id=\"d87d794\" data-element_type=\"widget\" data-e-type=\"widget\" data-widget_type=\"text-editor.default\">\n\t\t\t\t\t\t\t\t\t<p><strong data-start=\"0\" data-end=\"102\" data-is-only-node=\"\">K\u00e9rj\u00fck, jel\u00f6lje meg az al\u00e1bbi okok egyik\u00e9t, hogy jobban meg\u00e9rthess\u00fck az \u00d6n ig\u00e9nyeit \u00e9s elv\u00e1r\u00e1sait.<\/strong><br data-start=\"102\" data-end=\"105\" \/><strong data-start=\"105\" data-end=\"230\" data-is-last-node=\"\">Ez alapj\u00e1n szem\u00e9lyre szabottabban tudjuk alak\u00edtani a keres\u00e9st, \u00e9s a j\u00f6v\u0151ben megfelel\u0151bb \u00fcgyfeleket tudunk \u00d6nnek aj\u00e1nlani.<\/strong><\/p>\t\t\t\t\t\t\t\t<\/div>\n\t\t\t\t\t<\/div>\n\t\t\t\t<\/div>\n\t\t<div class=\"elementor-element elementor-element-5703274 acceptJobOfferForm e-flex e-con-boxed e-con e-parent\" data-id=\"5703274\" data-element_type=\"container\" data-e-type=\"container\">\n\t\t\t\t\t<div class=\"e-con-inner\">\n\t\t\t\t<div class=\"elementor-element elementor-element-6b0155e elementor-widget__width-initial elementor-widget elementor-widget-shortcode\" data-id=\"6b0155e\" data-element_type=\"widget\" data-e-type=\"widget\" data-widget_type=\"shortcode.default\">\n\t\t\t\t\t\t\t<div class=\"elementor-shortcode\"><div class=\"forminator-ui forminator-custom-form forminator-custom-form-8199 forminator-design--default  forminator_ajax\" data-forminator-render=\"0\" data-form=\"forminator-module-8199\" data-uid=\"69f3f5ca23df2\"><br\/><\/div><form\n\t\t\t\tid=\"forminator-module-8199\"\n\t\t\t\tclass=\"forminator-ui forminator-custom-form forminator-custom-form-8199 forminator-design--default  forminator_ajax\"\n\t\t\t\tmethod=\"post\"\n\t\t\t\tdata-forminator-render=\"0\"\n\t\t\t\tdata-form-id=\"8199\"\n\t\t\t\t\n\t\t\t\tdata-design=\"default\"\n\t\t\t\tdata-color-option=\"theme\"\n\t\t\t\t\n\t\t\t\t\n\t\t\t\t\n\t\t\t\tdata-grid=\"open\"\n\t\t\t\t\n\t\t\t\t\n\t\t\t\tstyle=\"display: none;\"\n\t\t\t\t\n\t\t\t\tdata-uid=\"69f3f5ca23df2\"\n\t\t\t><div role=\"alert\" aria-live=\"polite\" class=\"forminator-response-message forminator-error\" aria-hidden=\"true\"><\/div><div class=\"forminator-row\"><div id=\"select-1\" class=\"forminator-field-select forminator-col forminator-col-12 \"><div class=\"forminator-field\"><label for=\"forminator-form-8199__field--select-1_69f3f5ca23df2\" id=\"forminator-form-8199__field--select-1_69f3f5ca23df2-label\" class=\"forminator-label\">Az okod <span class=\"forminator-required\">*<\/span><\/label><select  id=\"forminator-form-8199__field--select-1_69f3f5ca23df2\" class=\"forminator-select--field forminator-select2 forminator-select2-multiple\" data-required=\"1\" name=\"select-1\" data-default-value=\"\" data-hidden-behavior=\"zero\" data-placeholder=\"Az okod\" data-search=\"false\" data-search-placeholder=\"Az okod\" data-checkbox=\"false\" data-allow-clear=\"false\" aria-labelledby=\"forminator-form-8199__field--select-1_69f3f5ca23df2-label\"><option value=\"\"  >Az okod<\/option><option value=\"321\"  data-calculation=\"0\">Nem akarok k\u00e9t embert \u00e1polni<\/option><option value=\"51\"  data-calculation=\"0\">M\u00e1r elfogadtam egy m\u00e1sik \u00fcgyfelet<\/option><option value=\"88\"  data-calculation=\"0\">Egy m\u00e1sik c\u00e9gn\u00e9l kezdek dolgozni<\/option><option value=\"39\"  data-calculation=\"0\">Nem szeretn\u00e9k \u00f6n\u00e1ll\u00f3 v\u00e1llalkoz\u00f3k\u00e9nt dolgozni<\/option><option value=\"322\"  data-calculation=\"0\">Nem akarok h\u00e1zi\u00e1llatokat<\/option><option value=\"40\"  data-calculation=\"0\">K\u00f6zvetlen sz\u00e1ll\u00edt\u00e1st szeretn\u00e9k<\/option><option value=\"41\"  data-calculation=\"0\">Csal\u00e1di okok miatt nem tudom v\u00e1llalni<\/option><option value=\"323\"  data-calculation=\"0\">Ebben az id\u0151szakban nem v\u00e1llalok \u00fcgyfeleket<\/option><option value=\"389\"  data-calculation=\"0\">M\u00e1r \u00f6n\u00e1ll\u00f3 v\u00e1llalkoz\u00f3k\u00e9nt dolgozom egy m\u00e1sik c\u00e9ggel<\/option><option value=\"42\"  data-calculation=\"0\">Eg\u00e9szs\u00e9g\u00fcgyi probl\u00e9m\u00e1im vannak<\/option><option value=\"324\"  data-calculation=\"0\">Nem tetszik a sz\u00e1ll\u00e1s<\/option><option value=\"43\"  data-calculation=\"0\">Nem tetszik ez a r\u00e9gi\u00f3<\/option><option value=\"391\"  data-calculation=\"0\">Nem szeretn\u00e9k teljesen \u00faj \u00fcgyfelet<\/option><option value=\"325\"  data-calculation=\"0\">Nem szeretn\u00e9k indokot megadni<\/option><option value=\"44\"  data-calculation=\"0\">Ez az id\u0151szak nem illik a mag\u00e1nterveimhez<\/option><option value=\"89\"  data-calculation=\"0\">Visszat\u00e9rek a kor\u00e1bbi \u00fcgyfelemhez<\/option><option value=\"326\"  data-calculation=\"0\">K\u00fcl\u00f6n f\u00fcrd\u0151szob\u00e1ra \u00e9s WC-re van sz\u00fcks\u00e9gem<\/option><option value=\"327\"  data-calculation=\"0\">T\u00fal kev\u00e9s v\u00e1s\u00e1rl\u00e1si lehet\u0151s\u00e9g van az \u00fcgyf\u00e9l k\u00f6rny\u00e9k\u00e9n<\/option><option value=\"394\"  data-calculation=\"0\">Az \u00fcgyf\u00e9l lak\u00e1sa t\u00fal kicsi<\/option><option value=\"45\"  data-calculation=\"0\">Ez az eset t\u00fal neh\u00e9z sz\u00e1momra<\/option><option value=\"46\"  data-calculation=\"0\">A d\u00edjaz\u00e1s t\u00fal alacsony<\/option><option value=\"91\"  data-calculation=\"0\">Csak a h\u00e1zast\u00e1rsammal egy\u00fctt szeretn\u00e9k dolgozni<\/option><\/select><\/div><\/div><\/div><div class=\"forminator-row\"><div id=\"textarea-1\" class=\"forminator-field-textarea forminator-col forminator-col-12 \"><div class=\"forminator-field\"><label for=\"forminator-field-textarea-1_69f3f5ca23df2\" id=\"forminator-field-textarea-1_69f3f5ca23df2-label\" class=\"forminator-label\">Amennyiben a felsorolt okok egyike sem megfelel\u0151, k\u00e9rj\u00fck, itt adja meg az \u00d6n indok\u00e1t.<\/label><textarea name=\"textarea-1\" placeholder=\"\" id=\"forminator-field-textarea-1_69f3f5ca23df2\" class=\"forminator-textarea\" rows=\"6\" style=\"min-height:140px;\" ><\/textarea><\/div><\/div><\/div><div class=\"forminator-row forminator-hidden\"><input type=\"hidden\" id=\"hidden-1_69f3f5ca23df2\" name=\"hidden-1\" value=\"\" \/><\/div><div class=\"forminator-row forminator-hidden\"><input type=\"hidden\" id=\"hidden-2_69f3f5ca23df2\" name=\"hidden-2\" value=\"4\" \/><\/div><div class=\"forminator-row forminator-hidden\"><input type=\"hidden\" id=\"hidden-3_69f3f5ca23df2\" name=\"hidden-3\" value=\"hu\" \/><\/div><div class=\"forminator-row forminator-hidden\"><input type=\"hidden\" id=\"hidden-4_69f3f5ca23df2\" name=\"hidden-4\" value=\"\" \/><\/div><div class=\"forminator-row forminator-hidden\"><input type=\"hidden\" id=\"hidden-5_69f3f5ca23df2\" name=\"hidden-5\" value=\"\" \/><\/div><div class=\"forminator-row forminator-hidden\"><input type=\"hidden\" id=\"hidden-6_69f3f5ca23df2\" name=\"hidden-6\" value=\"\" \/><\/div><div class=\"forminator-row forminator-hidden\"><input type=\"hidden\" id=\"hidden-7_69f3f5ca23df2\" name=\"hidden-7\" value=\"\" \/><\/div><div class=\"forminator-row forminator-hidden\"><input type=\"hidden\" id=\"hidden-8_69f3f5ca23df2\" name=\"hidden-8\" value=\"\" \/><\/div><div class=\"forminator-row forminator-hidden\"><input type=\"hidden\" id=\"hidden-9_69f3f5ca23df2\" name=\"hidden-9\" value=\"\" \/><\/div><input type=\"hidden\" name=\"referer_url\" value=\"\" \/><div class=\"forminator-row forminator-row-last\"><div class=\"forminator-col\"><div class=\"forminator-field\"><button class=\"forminator-button forminator-button-submit\">K&uuml;ld&eacute;s<\/button><\/div><\/div><\/div><input type=\"hidden\" id=\"forminator_nonce\" name=\"forminator_nonce\" value=\"1f41601f85\" \/><input type=\"hidden\" name=\"_wp_http_referer\" value=\"\/hu\/wp-json\/wp\/v2\/pages\/8298\" \/><input type=\"hidden\" name=\"form_id\" value=\"8199\"><input type=\"hidden\" name=\"page_id\" value=\"8298\"><input type=\"hidden\" name=\"form_type\" value=\"default\"><input type=\"hidden\" name=\"current_url\" value=\"https:\/\/sofiapflege-jobs.de\/hu\/not-accept-offer\/\"><input type=\"hidden\" name=\"render_id\" value=\"0\"><input type=\"hidden\" name=\"action\" value=\"forminator_submit_form_custom-forms\"><\/form><\/div>\n\t\t\t\t\t\t<\/div>\n\t\t\t\t\t<\/div>\n\t\t\t\t<\/div>\n\t\t\t\t<\/div>\n\t\t","protected":false},"excerpt":{"rendered":"<p>Sajn\u00e1ljuk, hogy az \u00e1ltalunk bemutatott, [ID] azonos\u00edt\u00f3j\u00fa, [city] \u00fcgyf\u00e9l nem felel meg az \u00d6n elv\u00e1r\u00e1sainak K\u00e9rj\u00fck, jel\u00f6lje meg az al\u00e1bbi okok egyik\u00e9t, hogy jobban meg\u00e9rthess\u00fck az \u00d6n ig\u00e9nyeit \u00e9s elv\u00e1r\u00e1sait.Ez alapj\u00e1n szem\u00e9lyre szabottabban tudjuk alak\u00edtani a keres\u00e9st, \u00e9s a j\u00f6v\u0151ben megfelel\u0151bb \u00fcgyfeleket tudunk \u00d6nnek aj\u00e1nlani.<\/p>\n","protected":false},"author":3,"featured_media":0,"parent":0,"menu_order":0,"comment_status":"closed","ping_status":"closed","template":"","meta":{"site-sidebar-layout":"no-sidebar","site-content-layout":"page-builder","ast-site-content-layout":"full-width-container","site-content-style":"default","site-sidebar-style":"default","ast-global-header-display":"","ast-banner-title-visibility":"disabled","ast-main-header-display":"","ast-hfb-above-header-display":"","ast-hfb-below-header-display":"","ast-hfb-mobile-header-display":"","site-post-title":"","ast-breadcrumbs-content":"","ast-featured-img":"disabled","footer-sml-layout":"","ast-disable-related-posts":"","theme-transparent-header-meta":"","adv-header-id-meta":"","stick-header-meta":"","header-above-stick-meta":"","header-main-stick-meta":"","header-below-stick-meta":"","astra-migrate-meta-layouts":"default","ast-page-background-enabled":"default","ast-page-background-meta":{"desktop":{"background-color":"var(--ast-global-color-4)","background-image":"","background-repeat":"repeat","background-position":"center center","background-size":"auto","background-attachment":"scroll","background-type":"","background-media":"","overlay-type":"","overlay-color":"","overlay-opacity":"","overlay-gradient":""},"tablet":{"background-color":"","background-image":"","background-repeat":"repeat","background-position":"center center","background-size":"auto","background-attachment":"scroll","background-type":"","background-media":"","overlay-type":"","overlay-color":"","overlay-opacity":"","overlay-gradient":""},"mobile":{"background-color":"","background-image":"","background-repeat":"repeat","background-position":"center center","background-size":"auto","background-attachment":"scroll","background-type":"","background-media":"","overlay-type":"","overlay-color":"","overlay-opacity":"","overlay-gradient":""}},"ast-content-background-meta":{"desktop":{"background-color":"var(--ast-global-color-5)","background-image":"","background-repeat":"repeat","background-position":"center center","background-size":"auto","background-attachment":"scroll","background-type":"","background-media":"","overlay-type":"","overlay-color":"","overlay-opacity":"","overlay-gradient":""},"tablet":{"background-color":"var(--ast-global-color-5)","background-image":"","background-repeat":"repeat","background-position":"center center","background-size":"auto","background-attachment":"scroll","background-type":"","background-media":"","overlay-type":"","overlay-color":"","overlay-opacity":"","overlay-gradient":""},"mobile":{"background-color":"var(--ast-global-color-5)","background-image":"","background-repeat":"repeat","background-position":"center center","background-size":"auto","background-attachment":"scroll","background-type":"","background-media":"","overlay-type":"","overlay-color":"","overlay-opacity":"","overlay-gradient":""}},"footnotes":""},"class_list":["post-8298","page","type-page","status-publish","hentry"],"yoast_head":"<!-- This site is optimized with the Yoast SEO Premium plugin v27.2 (Yoast SEO v27.2) - https:\/\/yoast.com\/product\/yoast-seo-premium-wordpress\/ -->\n<title>Not Accept Offer - Sofiapflege - Daheim statt im Heim<\/title>\n<meta name=\"robots\" content=\"index, follow, max-snippet:-1, max-image-preview:large, max-video-preview:-1\" \/>\n<link rel=\"canonical\" href=\"https:\/\/sofiapflege-jobs.de\/not-accept-offer\/\" \/>\n<meta property=\"og:locale\" content=\"hu_HU\" \/>\n<meta property=\"og:type\" content=\"article\" \/>\n<meta property=\"og:title\" content=\"Not Accept Offer\" \/>\n<meta property=\"og:description\" content=\"Sajn\u00e1ljuk, hogy az \u00e1ltalunk bemutatott, [ID] azonos\u00edt\u00f3j\u00fa, [city] \u00fcgyf\u00e9l nem felel meg az \u00d6n elv\u00e1r\u00e1sainak K\u00e9rj\u00fck, jel\u00f6lje meg az al\u00e1bbi okok egyik\u00e9t, hogy jobban meg\u00e9rthess\u00fck az \u00d6n ig\u00e9nyeit \u00e9s elv\u00e1r\u00e1sait.Ez alapj\u00e1n szem\u00e9lyre szabottabban tudjuk alak\u00edtani a keres\u00e9st, \u00e9s a j\u00f6v\u0151ben megfelel\u0151bb \u00fcgyfeleket tudunk \u00d6nnek aj\u00e1nlani.\" \/>\n<meta property=\"og:url\" content=\"https:\/\/sofiapflege-jobs.de\/not-accept-offer\/\" \/>\n<meta property=\"og:site_name\" content=\"Sofiapflege - Daheim statt im Heim\" \/>\n<meta property=\"article:modified_time\" content=\"2026-03-26T10:07:33+00:00\" \/>\n<meta name=\"twitter:card\" content=\"summary_large_image\" \/>\n<meta name=\"twitter:label1\" content=\"Becs\u00fclt olvas\u00e1si id\u0151\" \/>\n\t<meta name=\"twitter:data1\" content=\"1 perc\" \/>\n<script type=\"application\/ld+json\" class=\"yoast-schema-graph\">{\"@context\":\"https:\/\/schema.org\",\"@graph\":[{\"@type\":\"WebPage\",\"@id\":\"https:\/\/sofiapflege-jobs.de\/not-accept-offer\/\",\"url\":\"https:\/\/sofiapflege-jobs.de\/not-accept-offer\/\",\"name\":\"Not Accept Offer - Sofiapflege - Daheim statt im Heim\",\"isPartOf\":{\"@id\":\"https:\/\/sofiapflege-jobs.de\/#website\"},\"datePublished\":\"2026-03-04T18:43:31+00:00\",\"dateModified\":\"2026-03-26T10:07:33+00:00\",\"breadcrumb\":{\"@id\":\"https:\/\/sofiapflege-jobs.de\/not-accept-offer\/#breadcrumb\"},\"inLanguage\":\"hu\",\"potentialAction\":[{\"@type\":\"ReadAction\",\"target\":[\"https:\/\/sofiapflege-jobs.de\/not-accept-offer\/\"]}]},{\"@type\":\"BreadcrumbList\",\"@id\":\"https:\/\/sofiapflege-jobs.de\/not-accept-offer\/#breadcrumb\",\"itemListElement\":[{\"@type\":\"ListItem\",\"position\":1,\"name\":\"Home\",\"item\":\"https:\/\/sofiapflege-jobs.de\/ro\/\"},{\"@type\":\"ListItem\",\"position\":2,\"name\":\"Not Accept Offer\"}]},{\"@type\":\"WebSite\",\"@id\":\"https:\/\/sofiapflege-jobs.de\/#website\",\"url\":\"https:\/\/sofiapflege-jobs.de\/\",\"name\":\"Sofiapflege\",\"description\":\"\",\"publisher\":{\"@id\":\"https:\/\/sofiapflege-jobs.de\/#organization\"},\"potentialAction\":[{\"@type\":\"SearchAction\",\"target\":{\"@type\":\"EntryPoint\",\"urlTemplate\":\"https:\/\/sofiapflege-jobs.de\/?s={search_term_string}\"},\"query-input\":{\"@type\":\"PropertyValueSpecification\",\"valueRequired\":true,\"valueName\":\"search_term_string\"}}],\"inLanguage\":\"hu\"},{\"@type\":\"Organization\",\"@id\":\"https:\/\/sofiapflege-jobs.de\/#organization\",\"name\":\"Sofiapflege\",\"url\":\"https:\/\/sofiapflege-jobs.de\/\",\"logo\":{\"@type\":\"ImageObject\",\"inLanguage\":\"hu\",\"@id\":\"https:\/\/sofiapflege-jobs.de\/#\/schema\/logo\/image\/\",\"url\":\"https:\/\/sofiapflege-jobs.de\/wp-content\/uploads\/2026\/03\/logo-svg-1.svg\",\"contentUrl\":\"https:\/\/sofiapflege-jobs.de\/wp-content\/uploads\/2026\/03\/logo-svg-1.svg\",\"caption\":\"Sofiapflege\"},\"image\":{\"@id\":\"https:\/\/sofiapflege-jobs.de\/#\/schema\/logo\/image\/\"}}]}<\/script>\n<!-- \/ Yoast SEO Premium plugin. -->","yoast_head_json":{"title":"Not Accept Offer - Sofiapflege - Daheim statt im Heim","robots":{"index":"index","follow":"follow","max-snippet":"max-snippet:-1","max-image-preview":"max-image-preview:large","max-video-preview":"max-video-preview:-1"},"canonical":"https:\/\/sofiapflege-jobs.de\/not-accept-offer\/","og_locale":"hu_HU","og_type":"article","og_title":"Not Accept Offer","og_description":"Sajn\u00e1ljuk, hogy az \u00e1ltalunk bemutatott, [ID] azonos\u00edt\u00f3j\u00fa, [city] \u00fcgyf\u00e9l nem felel meg az \u00d6n elv\u00e1r\u00e1sainak K\u00e9rj\u00fck, jel\u00f6lje meg az al\u00e1bbi okok egyik\u00e9t, hogy jobban meg\u00e9rthess\u00fck az \u00d6n ig\u00e9nyeit \u00e9s elv\u00e1r\u00e1sait.Ez alapj\u00e1n szem\u00e9lyre szabottabban tudjuk alak\u00edtani a keres\u00e9st, \u00e9s a j\u00f6v\u0151ben megfelel\u0151bb \u00fcgyfeleket tudunk \u00d6nnek aj\u00e1nlani.","og_url":"https:\/\/sofiapflege-jobs.de\/not-accept-offer\/","og_site_name":"Sofiapflege - Daheim statt im Heim","article_modified_time":"2026-03-26T10:07:33+00:00","twitter_card":"summary_large_image","twitter_misc":{"Becs\u00fclt olvas\u00e1si id\u0151":"1 perc"},"schema":{"@context":"https:\/\/schema.org","@graph":[{"@type":"WebPage","@id":"https:\/\/sofiapflege-jobs.de\/not-accept-offer\/","url":"https:\/\/sofiapflege-jobs.de\/not-accept-offer\/","name":"Not Accept Offer - Sofiapflege - Daheim statt im Heim","isPartOf":{"@id":"https:\/\/sofiapflege-jobs.de\/#website"},"datePublished":"2026-03-04T18:43:31+00:00","dateModified":"2026-03-26T10:07:33+00:00","breadcrumb":{"@id":"https:\/\/sofiapflege-jobs.de\/not-accept-offer\/#breadcrumb"},"inLanguage":"hu","potentialAction":[{"@type":"ReadAction","target":["https:\/\/sofiapflege-jobs.de\/not-accept-offer\/"]}]},{"@type":"BreadcrumbList","@id":"https:\/\/sofiapflege-jobs.de\/not-accept-offer\/#breadcrumb","itemListElement":[{"@type":"ListItem","position":1,"name":"Home","item":"https:\/\/sofiapflege-jobs.de\/ro\/"},{"@type":"ListItem","position":2,"name":"Not Accept Offer"}]},{"@type":"WebSite","@id":"https:\/\/sofiapflege-jobs.de\/#website","url":"https:\/\/sofiapflege-jobs.de\/","name":"Sofiapflege","description":"","publisher":{"@id":"https:\/\/sofiapflege-jobs.de\/#organization"},"potentialAction":[{"@type":"SearchAction","target":{"@type":"EntryPoint","urlTemplate":"https:\/\/sofiapflege-jobs.de\/?s={search_term_string}"},"query-input":{"@type":"PropertyValueSpecification","valueRequired":true,"valueName":"search_term_string"}}],"inLanguage":"hu"},{"@type":"Organization","@id":"https:\/\/sofiapflege-jobs.de\/#organization","name":"Sofiapflege","url":"https:\/\/sofiapflege-jobs.de\/","logo":{"@type":"ImageObject","inLanguage":"hu","@id":"https:\/\/sofiapflege-jobs.de\/#\/schema\/logo\/image\/","url":"https:\/\/sofiapflege-jobs.de\/wp-content\/uploads\/2026\/03\/logo-svg-1.svg","contentUrl":"https:\/\/sofiapflege-jobs.de\/wp-content\/uploads\/2026\/03\/logo-svg-1.svg","caption":"Sofiapflege"},"image":{"@id":"https:\/\/sofiapflege-jobs.de\/#\/schema\/logo\/image\/"}}]}},"_links":{"self":[{"href":"https:\/\/sofiapflege-jobs.de\/hu\/wp-json\/wp\/v2\/pages\/8298","targetHints":{"allow":["GET"]}}],"collection":[{"href":"https:\/\/sofiapflege-jobs.de\/hu\/wp-json\/wp\/v2\/pages"}],"about":[{"href":"https:\/\/sofiapflege-jobs.de\/hu\/wp-json\/wp\/v2\/types\/page"}],"author":[{"embeddable":true,"href":"https:\/\/sofiapflege-jobs.de\/hu\/wp-json\/wp\/v2\/users\/3"}],"replies":[{"embeddable":true,"href":"https:\/\/sofiapflege-jobs.de\/hu\/wp-json\/wp\/v2\/comments?post=8298"}],"version-history":[{"count":0,"href":"https:\/\/sofiapflege-jobs.de\/hu\/wp-json\/wp\/v2\/pages\/8298\/revisions"}],"wp:attachment":[{"href":"https:\/\/sofiapflege-jobs.de\/hu\/wp-json\/wp\/v2\/media?parent=8298"}],"curies":[{"name":"wp","href":"https:\/\/api.w.org\/{rel}","templated":true}]}}