{"id":8293,"date":"2026-03-04T18:24:10","date_gmt":"2026-03-04T18:24:10","guid":{"rendered":"https:\/\/sofiapflege-jobs.de\/offer-accept\/"},"modified":"2026-03-26T10:04:58","modified_gmt":"2026-03-26T10:04:58","slug":"offer-accept","status":"publish","type":"page","link":"https:\/\/sofiapflege-jobs.de\/hu\/offer-accept\/","title":{"rendered":"Offer Accept"},"content":{"rendered":"\t\t<div data-elementor-type=\"wp-page\" data-elementor-id=\"8293\" class=\"elementor elementor-8293 elementor-8013\" data-elementor-post-type=\"page\">\n\t\t\t\t<div class=\"elementor-element elementor-element-f0c12d9 e-flex e-con-boxed e-con e-child\" data-id=\"f0c12d9\" data-element_type=\"container\" data-e-type=\"container\">\n\t\t\t\t\t<div class=\"e-con-inner\">\n\t\t\t\t<div class=\"elementor-element elementor-element-587bddc acceptJobOfferTitle elementor-widget elementor-widget-heading\" data-id=\"587bddc\" data-element_type=\"widget\" data-e-type=\"widget\" data-widget_type=\"heading.default\">\n\t\t\t\t\t<h2 class=\"elementor-heading-title elementor-size-default\">Nagyon \u00f6r\u00fcl\u00fcnk, hogy szeretn\u00e9 \u00e1tvenni a [ID] azonos\u00edt\u00f3j\u00fa \u00fcgyfelet [city]<\/h2>\t\t\t\t<\/div>\n\t\t\t\t<div class=\"elementor-element elementor-element-d61e092 elementor-widget__width-initial elementor-widget elementor-widget-text-editor\" data-id=\"d61e092\" data-element_type=\"widget\" data-e-type=\"widget\" data-widget_type=\"text-editor.default\">\n\t\t\t\t\t\t\t\t\t<p>K\u00e9rj\u00fck, az al\u00e1bbi \u0171rlapon adja meg az \u00d6n \u00e1ltal k\u00edv\u00e1nt d\u00edjat. Az id\u0151szak m\u00e1r el\u0151re meg van adva, azonban ha ett\u0151l elt\u00e9r\u0151 elk\u00e9pzel\u00e9sei vannak, azt ig\u00e9nyei szerint m\u00f3dos\u00edthatja, hogy aj\u00e1nlat\u00e1t tov\u00e1bb\u00edthassuk az \u00fcgyf\u00e9lnek<\/p>\t\t\t\t\t\t\t\t<\/div>\n\t\t\t\t\t<\/div>\n\t\t\t\t<\/div>\n\t\t<div class=\"elementor-element elementor-element-2b8a9f1 acceptJobOfferForm e-flex e-con-boxed e-con e-parent\" data-id=\"2b8a9f1\" data-element_type=\"container\" data-e-type=\"container\">\n\t\t\t\t\t<div class=\"e-con-inner\">\n\t\t\t\t<div class=\"elementor-element elementor-element-a637347 elementor-widget__width-initial elementor-widget elementor-widget-shortcode\" data-id=\"a637347\" data-element_type=\"widget\" data-e-type=\"widget\" data-widget_type=\"shortcode.default\">\n\t\t\t\t\t\t\t<div class=\"elementor-shortcode\"><div class=\"forminator-ui forminator-custom-form forminator-custom-form-8200 forminator-design--default  forminator_ajax\" data-forminator-render=\"0\" data-form=\"forminator-module-8200\" data-uid=\"69f5173041d9c\"><br\/><\/div><form\n\t\t\t\tid=\"forminator-module-8200\"\n\t\t\t\tclass=\"forminator-ui forminator-custom-form forminator-custom-form-8200 forminator-design--default  forminator_ajax\"\n\t\t\t\tmethod=\"post\"\n\t\t\t\tdata-forminator-render=\"0\"\n\t\t\t\tdata-form-id=\"8200\"\n\t\t\t\t\n\t\t\t\tdata-design=\"default\"\n\t\t\t\tdata-color-option=\"theme\"\n\t\t\t\t\n\t\t\t\t\n\t\t\t\t\n\t\t\t\tdata-grid=\"open\"\n\t\t\t\t\n\t\t\t\t\n\t\t\t\tstyle=\"display: none;\"\n\t\t\t\t\n\t\t\t\tdata-uid=\"69f5173041d9c\"\n\t\t\t><div role=\"alert\" aria-live=\"polite\" class=\"forminator-response-message forminator-error\" aria-hidden=\"true\"><\/div><div class=\"forminator-row\"><div id=\"number-1\" class=\"forminator-field-number forminator-col forminator-col-12 \"><div class=\"forminator-field\"><label for=\"forminator-field-number-1_69f5173041d9c\" id=\"forminator-field-number-1_69f5173041d9c-label\" class=\"forminator-label\">Az \u00d6n \u00e1ltal k\u00edv\u00e1nt d\u00edj \u20ac-ban 30 napra <span class=\"forminator-required\">*<\/span><\/label><input name=\"number-1\" value=\"\" placeholder=\"\" id=\"forminator-field-number-1_69f5173041d9c\" class=\"forminator-input forminator-number--field\" inputmode=\"decimal\" data-required=\"1\" data-decimals=\"2\" aria-required=\"true\" data-inputmask=\"&#039;groupSeparator&#039;: &#039;&#039;, &#039;radixPoint&#039;: &#039;.&#039;, &#039;digits&#039;: &#039;2&#039;\" data-hidden-behavior=\"zero\" type=\"number\" step=\"any\" min=\"1\" max=\"999999\" \/><\/div><\/div><\/div><div class=\"forminator-row\"><div id=\"date-1\" class=\"forminator-field-date forminator-col forminator-col-6 \"><div class=\"forminator-field\"><label for=\"forminator-field-date-1-picker_69f5173041d9c\" id=\"forminator-field-date-1-picker_69f5173041d9c-label\" class=\"forminator-label\">Kezd\u0151 d\u00e1tum <span class=\"forminator-required\">*<\/span><\/label><div class=\"forminator-input-with-icon\"><span class=\"forminator-icon-calendar\" aria-hidden=\"true\"><\/span><input autocomplete=\"off\" type=\"text\" size=\"1\" name=\"date-1\" value=\"\" placeholder=\"V\u00e1lasszon d\u00e1tumot\" id=\"forminator-field-date-1-picker_69f5173041d9c\" class=\"forminator-input forminator-datepicker\" data-required=\"1\" data-format=\"dd.mm.yy\" data-restrict-type=\"\" data-restrict=\"\" data-start-year=\"1926\" data-end-year=\"2126\" data-past-dates=\"enable\" data-start-of-week=\"1\" data-start-date=\"\" data-end-date=\"\" data-start-field=\"\" data-end-field=\"\" data-start-offset=\"\" data-end-offset=\"\" data-disable-date=\"\" data-disable-range=\"\" \/><\/div><\/div><\/div><div id=\"date-2\" class=\"forminator-field-date forminator-col forminator-col-6 \"><div class=\"forminator-field\"><label for=\"forminator-field-date-2-picker_69f5173041d9c\" id=\"forminator-field-date-2-picker_69f5173041d9c-label\" class=\"forminator-label\">Befejez\u0151 d\u00e1tum <span class=\"forminator-required\">*<\/span><\/label><div class=\"forminator-input-with-icon\"><span class=\"forminator-icon-calendar\" aria-hidden=\"true\"><\/span><input autocomplete=\"off\" type=\"text\" size=\"1\" name=\"date-2\" value=\"\" placeholder=\"V\u00e1lasszon d\u00e1tumot\" id=\"forminator-field-date-2-picker_69f5173041d9c\" class=\"forminator-input forminator-datepicker\" data-required=\"1\" data-format=\"dd.mm.yy\" data-restrict-type=\"\" data-restrict=\"\" data-start-year=\"1926\" data-end-year=\"2126\" data-past-dates=\"enable\" data-start-of-week=\"1\" data-start-date=\"\" data-end-date=\"\" data-start-field=\"\" data-end-field=\"\" data-start-offset=\"\" data-end-offset=\"\" data-disable-date=\"\" data-disable-range=\"\" \/><\/div><\/div><\/div><\/div><div class=\"forminator-row\"><div id=\"textarea-1\" class=\"forminator-field-textarea forminator-col forminator-col-12 \"><div class=\"forminator-field\"><label for=\"forminator-field-textarea-1_69f5173041d9c\" id=\"forminator-field-textarea-1_69f5173041d9c-label\" class=\"forminator-label\">Tov\u00e1bbi k\u00edv\u00e1ns\u00e1gai az \u00d6n r\u00e9sz\u00e9r\u0151l<\/label><textarea name=\"textarea-1\" placeholder=\"\" id=\"forminator-field-textarea-1_69f5173041d9c\" class=\"forminator-textarea\" rows=\"6\" style=\"min-height:140px;\" ><\/textarea><\/div><\/div><\/div><div class=\"forminator-row forminator-hidden\"><input type=\"hidden\" id=\"hidden-1_69f5173041d9c\" name=\"hidden-1\" value=\"\" \/><\/div><div class=\"forminator-row forminator-hidden\"><input type=\"hidden\" id=\"hidden-2_69f5173041d9c\" name=\"hidden-2\" value=\"\" \/><\/div><div class=\"forminator-row forminator-hidden\"><input type=\"hidden\" id=\"hidden-3_69f5173041d9c\" name=\"hidden-3\" value=\"hu\" \/><\/div><div class=\"forminator-row forminator-hidden\"><input type=\"hidden\" id=\"hidden-4_69f5173041d9c\" name=\"hidden-4\" value=\"\" \/><\/div><div class=\"forminator-row forminator-hidden\"><input type=\"hidden\" id=\"hidden-5_69f5173041d9c\" name=\"hidden-5\" value=\"\" \/><\/div><div class=\"forminator-row forminator-hidden\"><input type=\"hidden\" id=\"hidden-6_69f5173041d9c\" name=\"hidden-6\" value=\"\" \/><\/div><div class=\"forminator-row forminator-hidden\"><input type=\"hidden\" id=\"hidden-7_69f5173041d9c\" name=\"hidden-7\" value=\"\" \/><\/div><div class=\"forminator-row forminator-hidden\"><input type=\"hidden\" id=\"hidden-8_69f5173041d9c\" name=\"hidden-8\" value=\"\" \/><\/div><div class=\"forminator-row forminator-hidden\"><input type=\"hidden\" id=\"hidden-9_69f5173041d9c\" name=\"hidden-9\" value=\"\" \/><\/div><input type=\"hidden\" name=\"referer_url\" value=\"\" \/><div class=\"forminator-row forminator-row-last\"><div class=\"forminator-col\"><div class=\"forminator-field\"><button class=\"forminator-button forminator-button-submit\">K&uuml;ld&eacute;s<\/button><\/div><\/div><\/div><input type=\"hidden\" id=\"forminator_nonce\" name=\"forminator_nonce\" value=\"32857cb2c9\" \/><input type=\"hidden\" name=\"_wp_http_referer\" value=\"\/hu\/wp-json\/wp\/v2\/pages\/8293\" \/><input type=\"hidden\" name=\"form_id\" value=\"8200\"><input type=\"hidden\" name=\"page_id\" value=\"8293\"><input type=\"hidden\" name=\"form_type\" value=\"default\"><input type=\"hidden\" name=\"current_url\" value=\"https:\/\/sofiapflege-jobs.de\/hu\/offer-accept\/\"><input type=\"hidden\" name=\"render_id\" value=\"0\"><input type=\"hidden\" name=\"action\" value=\"forminator_submit_form_custom-forms\"><\/form><\/div>\n\t\t\t\t\t\t<\/div>\n\t\t\t\t\t<\/div>\n\t\t\t\t<\/div>\n\t\t\t\t<\/div>\n\t\t","protected":false},"excerpt":{"rendered":"<p>Nagyon \u00f6r\u00fcl\u00fcnk, hogy szeretn\u00e9 \u00e1tvenni a [ID] azonos\u00edt\u00f3j\u00fa \u00fcgyfelet [city] K\u00e9rj\u00fck, az al\u00e1bbi \u0171rlapon adja meg az \u00d6n \u00e1ltal k\u00edv\u00e1nt d\u00edjat. Az id\u0151szak m\u00e1r el\u0151re meg van adva, azonban ha ett\u0151l elt\u00e9r\u0151 elk\u00e9pzel\u00e9sei vannak, azt ig\u00e9nyei szerint m\u00f3dos\u00edthatja, hogy aj\u00e1nlat\u00e1t tov\u00e1bb\u00edthassuk az \u00fcgyf\u00e9lnek<\/p>\n","protected":false},"author":3,"featured_media":0,"parent":0,"menu_order":0,"comment_status":"closed","ping_status":"closed","template":"","meta":{"site-sidebar-layout":"no-sidebar","site-content-layout":"page-builder","ast-site-content-layout":"full-width-container","site-content-style":"default","site-sidebar-style":"default","ast-global-header-display":"","ast-banner-title-visibility":"disabled","ast-main-header-display":"","ast-hfb-above-header-display":"","ast-hfb-below-header-display":"","ast-hfb-mobile-header-display":"","site-post-title":"","ast-breadcrumbs-content":"","ast-featured-img":"disabled","footer-sml-layout":"","ast-disable-related-posts":"","theme-transparent-header-meta":"","adv-header-id-meta":"","stick-header-meta":"","header-above-stick-meta":"","header-main-stick-meta":"","header-below-stick-meta":"","astra-migrate-meta-layouts":"default","ast-page-background-enabled":"default","ast-page-background-meta":{"desktop":{"background-color":"var(--ast-global-color-4)","background-image":"","background-repeat":"repeat","background-position":"center center","background-size":"auto","background-attachment":"scroll","background-type":"","background-media":"","overlay-type":"","overlay-color":"","overlay-opacity":"","overlay-gradient":""},"tablet":{"background-color":"","background-image":"","background-repeat":"repeat","background-position":"center center","background-size":"auto","background-attachment":"scroll","background-type":"","background-media":"","overlay-type":"","overlay-color":"","overlay-opacity":"","overlay-gradient":""},"mobile":{"background-color":"","background-image":"","background-repeat":"repeat","background-position":"center center","background-size":"auto","background-attachment":"scroll","background-type":"","background-media":"","overlay-type":"","overlay-color":"","overlay-opacity":"","overlay-gradient":""}},"ast-content-background-meta":{"desktop":{"background-color":"var(--ast-global-color-5)","background-image":"","background-repeat":"repeat","background-position":"center center","background-size":"auto","background-attachment":"scroll","background-type":"","background-media":"","overlay-type":"","overlay-color":"","overlay-opacity":"","overlay-gradient":""},"tablet":{"background-color":"var(--ast-global-color-5)","background-image":"","background-repeat":"repeat","background-position":"center center","background-size":"auto","background-attachment":"scroll","background-type":"","background-media":"","overlay-type":"","overlay-color":"","overlay-opacity":"","overlay-gradient":""},"mobile":{"background-color":"var(--ast-global-color-5)","background-image":"","background-repeat":"repeat","background-position":"center center","background-size":"auto","background-attachment":"scroll","background-type":"","background-media":"","overlay-type":"","overlay-color":"","overlay-opacity":"","overlay-gradient":""}},"footnotes":""},"class_list":["post-8293","page","type-page","status-publish","hentry"],"yoast_head":"<!-- This site is optimized with the Yoast SEO Premium plugin v27.2 (Yoast SEO v27.2) - https:\/\/yoast.com\/product\/yoast-seo-premium-wordpress\/ -->\n<title>Offer Accept - Sofiapflege - Daheim statt im Heim<\/title>\n<meta name=\"robots\" content=\"index, follow, max-snippet:-1, max-image-preview:large, max-video-preview:-1\" \/>\n<link rel=\"canonical\" href=\"https:\/\/sofiapflege-jobs.de\/offer-accept\/\" \/>\n<meta property=\"og:locale\" content=\"hu_HU\" \/>\n<meta property=\"og:type\" content=\"article\" \/>\n<meta property=\"og:title\" content=\"Offer Accept\" \/>\n<meta property=\"og:description\" content=\"Nagyon \u00f6r\u00fcl\u00fcnk, hogy szeretn\u00e9 \u00e1tvenni a [ID] azonos\u00edt\u00f3j\u00fa \u00fcgyfelet [city] K\u00e9rj\u00fck, az al\u00e1bbi \u0171rlapon adja meg az \u00d6n \u00e1ltal k\u00edv\u00e1nt d\u00edjat. Az id\u0151szak m\u00e1r el\u0151re meg van adva, azonban ha ett\u0151l elt\u00e9r\u0151 elk\u00e9pzel\u00e9sei vannak, azt ig\u00e9nyei szerint m\u00f3dos\u00edthatja, hogy aj\u00e1nlat\u00e1t tov\u00e1bb\u00edthassuk az \u00fcgyf\u00e9lnek\" \/>\n<meta property=\"og:url\" content=\"https:\/\/sofiapflege-jobs.de\/offer-accept\/\" \/>\n<meta property=\"og:site_name\" content=\"Sofiapflege - Daheim statt im Heim\" \/>\n<meta property=\"article:modified_time\" content=\"2026-03-26T10:04:58+00:00\" \/>\n<meta name=\"twitter:card\" content=\"summary_large_image\" \/>\n<meta name=\"twitter:label1\" content=\"Becs\u00fclt olvas\u00e1si id\u0151\" \/>\n\t<meta name=\"twitter:data1\" content=\"1 perc\" \/>\n<script type=\"application\/ld+json\" class=\"yoast-schema-graph\">{\"@context\":\"https:\/\/schema.org\",\"@graph\":[{\"@type\":\"WebPage\",\"@id\":\"https:\/\/sofiapflege-jobs.de\/offer-accept\/\",\"url\":\"https:\/\/sofiapflege-jobs.de\/offer-accept\/\",\"name\":\"Offer Accept - Sofiapflege - Daheim statt im Heim\",\"isPartOf\":{\"@id\":\"https:\/\/sofiapflege-jobs.de\/#website\"},\"datePublished\":\"2026-03-04T18:24:10+00:00\",\"dateModified\":\"2026-03-26T10:04:58+00:00\",\"breadcrumb\":{\"@id\":\"https:\/\/sofiapflege-jobs.de\/offer-accept\/#breadcrumb\"},\"inLanguage\":\"hu\",\"potentialAction\":[{\"@type\":\"ReadAction\",\"target\":[\"https:\/\/sofiapflege-jobs.de\/offer-accept\/\"]}]},{\"@type\":\"BreadcrumbList\",\"@id\":\"https:\/\/sofiapflege-jobs.de\/offer-accept\/#breadcrumb\",\"itemListElement\":[{\"@type\":\"ListItem\",\"position\":1,\"name\":\"Home\",\"item\":\"https:\/\/sofiapflege-jobs.de\/ro\/\"},{\"@type\":\"ListItem\",\"position\":2,\"name\":\"Offer Accept\"}]},{\"@type\":\"WebSite\",\"@id\":\"https:\/\/sofiapflege-jobs.de\/#website\",\"url\":\"https:\/\/sofiapflege-jobs.de\/\",\"name\":\"Sofiapflege\",\"description\":\"\",\"publisher\":{\"@id\":\"https:\/\/sofiapflege-jobs.de\/#organization\"},\"potentialAction\":[{\"@type\":\"SearchAction\",\"target\":{\"@type\":\"EntryPoint\",\"urlTemplate\":\"https:\/\/sofiapflege-jobs.de\/?s={search_term_string}\"},\"query-input\":{\"@type\":\"PropertyValueSpecification\",\"valueRequired\":true,\"valueName\":\"search_term_string\"}}],\"inLanguage\":\"hu\"},{\"@type\":\"Organization\",\"@id\":\"https:\/\/sofiapflege-jobs.de\/#organization\",\"name\":\"Sofiapflege\",\"url\":\"https:\/\/sofiapflege-jobs.de\/\",\"logo\":{\"@type\":\"ImageObject\",\"inLanguage\":\"hu\",\"@id\":\"https:\/\/sofiapflege-jobs.de\/#\/schema\/logo\/image\/\",\"url\":\"https:\/\/sofiapflege-jobs.de\/wp-content\/uploads\/2026\/03\/logo-svg-1.svg\",\"contentUrl\":\"https:\/\/sofiapflege-jobs.de\/wp-content\/uploads\/2026\/03\/logo-svg-1.svg\",\"caption\":\"Sofiapflege\"},\"image\":{\"@id\":\"https:\/\/sofiapflege-jobs.de\/#\/schema\/logo\/image\/\"}}]}<\/script>\n<!-- \/ Yoast SEO Premium plugin. -->","yoast_head_json":{"title":"Offer Accept - Sofiapflege - Daheim statt im Heim","robots":{"index":"index","follow":"follow","max-snippet":"max-snippet:-1","max-image-preview":"max-image-preview:large","max-video-preview":"max-video-preview:-1"},"canonical":"https:\/\/sofiapflege-jobs.de\/offer-accept\/","og_locale":"hu_HU","og_type":"article","og_title":"Offer Accept","og_description":"Nagyon \u00f6r\u00fcl\u00fcnk, hogy szeretn\u00e9 \u00e1tvenni a [ID] azonos\u00edt\u00f3j\u00fa \u00fcgyfelet [city] K\u00e9rj\u00fck, az al\u00e1bbi \u0171rlapon adja meg az \u00d6n \u00e1ltal k\u00edv\u00e1nt d\u00edjat. Az id\u0151szak m\u00e1r el\u0151re meg van adva, azonban ha ett\u0151l elt\u00e9r\u0151 elk\u00e9pzel\u00e9sei vannak, azt ig\u00e9nyei szerint m\u00f3dos\u00edthatja, hogy aj\u00e1nlat\u00e1t tov\u00e1bb\u00edthassuk az \u00fcgyf\u00e9lnek","og_url":"https:\/\/sofiapflege-jobs.de\/offer-accept\/","og_site_name":"Sofiapflege - Daheim statt im Heim","article_modified_time":"2026-03-26T10:04:58+00:00","twitter_card":"summary_large_image","twitter_misc":{"Becs\u00fclt olvas\u00e1si id\u0151":"1 perc"},"schema":{"@context":"https:\/\/schema.org","@graph":[{"@type":"WebPage","@id":"https:\/\/sofiapflege-jobs.de\/offer-accept\/","url":"https:\/\/sofiapflege-jobs.de\/offer-accept\/","name":"Offer Accept - Sofiapflege - Daheim statt im Heim","isPartOf":{"@id":"https:\/\/sofiapflege-jobs.de\/#website"},"datePublished":"2026-03-04T18:24:10+00:00","dateModified":"2026-03-26T10:04:58+00:00","breadcrumb":{"@id":"https:\/\/sofiapflege-jobs.de\/offer-accept\/#breadcrumb"},"inLanguage":"hu","potentialAction":[{"@type":"ReadAction","target":["https:\/\/sofiapflege-jobs.de\/offer-accept\/"]}]},{"@type":"BreadcrumbList","@id":"https:\/\/sofiapflege-jobs.de\/offer-accept\/#breadcrumb","itemListElement":[{"@type":"ListItem","position":1,"name":"Home","item":"https:\/\/sofiapflege-jobs.de\/ro\/"},{"@type":"ListItem","position":2,"name":"Offer Accept"}]},{"@type":"WebSite","@id":"https:\/\/sofiapflege-jobs.de\/#website","url":"https:\/\/sofiapflege-jobs.de\/","name":"Sofiapflege","description":"","publisher":{"@id":"https:\/\/sofiapflege-jobs.de\/#organization"},"potentialAction":[{"@type":"SearchAction","target":{"@type":"EntryPoint","urlTemplate":"https:\/\/sofiapflege-jobs.de\/?s={search_term_string}"},"query-input":{"@type":"PropertyValueSpecification","valueRequired":true,"valueName":"search_term_string"}}],"inLanguage":"hu"},{"@type":"Organization","@id":"https:\/\/sofiapflege-jobs.de\/#organization","name":"Sofiapflege","url":"https:\/\/sofiapflege-jobs.de\/","logo":{"@type":"ImageObject","inLanguage":"hu","@id":"https:\/\/sofiapflege-jobs.de\/#\/schema\/logo\/image\/","url":"https:\/\/sofiapflege-jobs.de\/wp-content\/uploads\/2026\/03\/logo-svg-1.svg","contentUrl":"https:\/\/sofiapflege-jobs.de\/wp-content\/uploads\/2026\/03\/logo-svg-1.svg","caption":"Sofiapflege"},"image":{"@id":"https:\/\/sofiapflege-jobs.de\/#\/schema\/logo\/image\/"}}]}},"_links":{"self":[{"href":"https:\/\/sofiapflege-jobs.de\/hu\/wp-json\/wp\/v2\/pages\/8293","targetHints":{"allow":["GET"]}}],"collection":[{"href":"https:\/\/sofiapflege-jobs.de\/hu\/wp-json\/wp\/v2\/pages"}],"about":[{"href":"https:\/\/sofiapflege-jobs.de\/hu\/wp-json\/wp\/v2\/types\/page"}],"author":[{"embeddable":true,"href":"https:\/\/sofiapflege-jobs.de\/hu\/wp-json\/wp\/v2\/users\/3"}],"replies":[{"embeddable":true,"href":"https:\/\/sofiapflege-jobs.de\/hu\/wp-json\/wp\/v2\/comments?post=8293"}],"version-history":[{"count":0,"href":"https:\/\/sofiapflege-jobs.de\/hu\/wp-json\/wp\/v2\/pages\/8293\/revisions"}],"wp:attachment":[{"href":"https:\/\/sofiapflege-jobs.de\/hu\/wp-json\/wp\/v2\/media?parent=8293"}],"curies":[{"name":"wp","href":"https:\/\/api.w.org\/{rel}","templated":true}]}}