{"id":7285,"date":"2026-01-26T12:22:29","date_gmt":"2026-01-26T12:22:29","guid":{"rendered":"https:\/\/sofiapflege-jobs.de\/impressum\/"},"modified":"2026-01-27T11:11:55","modified_gmt":"2026-01-27T11:11:55","slug":"impressum","status":"publish","type":"page","link":"https:\/\/sofiapflege-jobs.de\/hu\/impressum\/","title":{"rendered":"Impressum"},"content":{"rendered":"\t\t<div data-elementor-type=\"wp-page\" data-elementor-id=\"7285\" class=\"elementor elementor-7285 elementor-7283\" data-elementor-post-type=\"page\">\n\t\t\t\t<div class=\"elementor-element elementor-element-33e8183 e-flex e-con-boxed e-con e-parent\" data-id=\"33e8183\" data-element_type=\"container\" data-e-type=\"container\">\n\t\t\t\t\t<div class=\"e-con-inner\">\n\t\t\t\t<div class=\"elementor-element elementor-element-7dd5c8c elementor-widget elementor-widget-heading\" data-id=\"7dd5c8c\" data-element_type=\"widget\" data-e-type=\"widget\" data-widget_type=\"heading.default\">\n\t\t\t\t\t<h1 class=\"elementor-heading-title elementor-size-default\">Impresszum<\/h1>\t\t\t\t<\/div>\n\t\t\t\t<div class=\"elementor-element elementor-element-cd72a6f elementor-widget elementor-widget-text-editor\" data-id=\"cd72a6f\" data-element_type=\"widget\" data-e-type=\"widget\" data-widget_type=\"text-editor.default\">\n\t\t\t\t\t\t\t\t\t<p class=\"\" data-start=\"157\" data-end=\"182\"><strong data-start=\"157\" data-end=\"182\">Adatok a \u00a7 5 TMG szerint<\/strong><\/p>\n\n<h3 class=\"\" data-start=\"184\" data-end=\"211\">A weboldal \u00fczemeltet\u0151je<\/h3>\n<h4 class=\"\" data-start=\"213\" data-end=\"236\">Sofiapflege GmbH<\/h4>\n<p class=\"\" data-start=\"237\" data-end=\"272\">Wilhelm-Bleyle-Stra\u00dfe 10,<br data-start=\"253\" data-end=\"256\" \/>71636 Ludwigsburg<\/p>\n<p class=\"\" data-start=\"274\" data-end=\"387\">Telefon: 0800\/ 33 33 233<br data-start=\"299\" data-end=\"302\" \/>Fax: 07152 \/ 338 99-200<br data-start=\"329\" data-end=\"332\" \/>E-mail: <a rel=\"noopener\" data-start=\"340\" data-end=\"359\">info@sofiapflege.de<\/a><br data-start=\"359\" data-end=\"362\" \/>Weboldal: <a class=\"\" href=\"http:\/\/www.sofiapflege.de\" target=\"_new\" rel=\"noopener\" data-start=\"367\" data-end=\"385\">www.sofiapflege.de<\/a><\/p>\n<p class=\"\" data-start=\"389\" data-end=\"508\">Nyilv\u00e1ntart\u00f3 b\u00edr\u00f3s\u00e1g: Amtsgericht Stuttgart<br data-start=\"427\" data-end=\"430\" \/>C\u00e9gjegyz\u00e9ksz\u00e1m: HRB 744923<br data-start=\"456\" data-end=\"459\" \/>K\u00f6z\u00f6ss\u00e9gi ad\u00f3sz\u00e1m (\u00c1FA): DE293602092<\/p>\n<p class=\"\" data-start=\"510\" data-end=\"587\">C\u00e9gjegyz\u00e9sre jogosult \u00fcgyvezet\u0151k:<br data-start=\"549\" data-end=\"552\" \/>Till Kohlmann, Fabian Schnegotzki<\/p>\n\n<h4 class=\"\" data-start=\"594\" data-end=\"627\">Sofiapflege Betreuung GmbH<\/h4>\n<p class=\"\" data-start=\"628\" data-end=\"663\">Wilhelm-Bleyle-Stra\u00dfe 10,<br data-start=\"644\" data-end=\"647\" \/>71636 Ludwigsburg<\/p>\n<p class=\"\" data-start=\"665\" data-end=\"778\">Telefon: 0800\/ 33 33 233<br data-start=\"690\" data-end=\"693\" \/>Fax: 07152 \/ 338 99-200<br data-start=\"720\" data-end=\"723\" \/>E-mail: <a rel=\"noopener\" data-start=\"731\" data-end=\"750\">info@sofiapflege.de<\/a><br data-start=\"750\" data-end=\"753\" \/>Weboldal: <a class=\"\" href=\"http:\/\/www.sofiapflege.de\" target=\"_new\" rel=\"noopener\" data-start=\"758\" data-end=\"776\">www.sofiapflege.de<\/a><\/p>\n<p class=\"\" data-start=\"780\" data-end=\"899\">Nyilv\u00e1ntart\u00f3 b\u00edr\u00f3s\u00e1g: Amtsgericht Stuttgart<br data-start=\"818\" data-end=\"821\" \/>C\u00e9gjegyz\u00e9ksz\u00e1m: HRB 793208<br data-start=\"847\" data-end=\"850\" \/>K\u00f6z\u00f6ss\u00e9gi ad\u00f3sz\u00e1m (\u00c1FA): DE370184465<\/p>\n<p class=\"\" data-start=\"901\" data-end=\"978\">C\u00e9gjegyz\u00e9sre jogosult \u00fcgyvezet\u0151k:<br data-start=\"940\" data-end=\"943\" \/>Till Kohlmann, Fabian Schnegotzki<\/p>\n\n<p class=\"\" data-start=\"985\" data-end=\"1111\"><strong data-start=\"985\" data-end=\"1051\">Szerkeszt\u0151i tartalom\u00e9rt felel\u0151s szem\u00e9ly a \u00a7 55 (2) RStV szerint<\/strong><br data-start=\"1051\" data-end=\"1054\" \/>Till Kohlmann<\/p>\n\n<p class=\"\" data-start=\"600\" data-end=\"1296\"><strong data-start=\"600\" data-end=\"623\">Tartalom\u00e9rt val\u00f3 felel\u0151ss\u00e9g<\/strong><br data-start=\"623\" data-end=\"626\" \/>Szolg\u00e1ltat\u00f3k\u00e9nt a \u00a7 7 (1) TMG \u00e9s az \u00e1ltal\u00e1nos jogszab\u00e1lyok szerint felel\u0151sek vagyunk az oldalakon tal\u00e1lhat\u00f3 saj\u00e1t tartalmak\u00e9rt. A \u00a7\u00a7 8\u201310 TMG alapj\u00e1n azonban nem vagyunk k\u00f6telesek a tov\u00e1bb\u00edtott vagy t\u00e1rolt idegen inform\u00e1ci\u00f3kat ellen\u0151rizni, illetve jogellenes tev\u00e9kenys\u00e9gre utal\u00f3 k\u00f6r\u00fclm\u00e9nyeket vizsg\u00e1lni. Az inform\u00e1ci\u00f3k elt\u00e1vol\u00edt\u00e1s\u00e1ra vagy haszn\u00e1latuk korl\u00e1toz\u00e1s\u00e1ra vonatkoz\u00f3 k\u00f6telezetts\u00e9gek az \u00e1ltal\u00e1nos jogszab\u00e1lyok szerint v\u00e1ltozatlanul fenn\u00e1llnak. Felel\u0151ss\u00e9g azonban csak att\u00f3l az id\u0151pontt\u00f3l \u00e1ll fenn, amikor konkr\u00e9t jogs\u00e9rt\u00e9sr\u0151l tudom\u00e1st szerz\u00fcnk. Amennyiben jogs\u00e9rt\u00e9s v\u00e1lik ismertt\u00e9, az \u00e9rintett tartalmat halad\u00e9ktalanul elt\u00e1vol\u00edtjuk.<\/p>\n\n<p class=\"\" data-start=\"1298\" data-end=\"2010\"><strong data-start=\"1298\" data-end=\"1319\">Linkek\u00e9rt val\u00f3 felel\u0151ss\u00e9g<\/strong><br data-start=\"1319\" data-end=\"1322\" \/>Aj\u00e1nlatunk harmadik felek k\u00fcls\u0151 weboldalaira mutat\u00f3 linkeket tartalmaz, amelyek tartalm\u00e1ra nincs befoly\u00e1sunk. Ez\u00e9rt ezek\u00e9rt az idegen tartalmak\u00e9rt felel\u0151ss\u00e9get nem v\u00e1llalunk. A hivatkozott oldalak tartalm\u00e1\u00e9rt mindig az adott szolg\u00e1ltat\u00f3 vagy \u00fczemeltet\u0151 felel. A linkel\u00e9s id\u0151pontj\u00e1ban az oldalak jogs\u00e9rt\u00e9sek szempontj\u00e1b\u00f3l ellen\u0151rz\u00e9sre ker\u00fcltek, jogellenes tartalom akkor nem volt felismerhet\u0151. A hivatkozott oldalak tartalm\u00e1nak folyamatos ellen\u0151rz\u00e9se konkr\u00e9t jogs\u00e9rt\u00e9sre utal\u00f3 jelek hi\u00e1ny\u00e1ban nem v\u00e1rhat\u00f3 el. Amennyiben jogs\u00e9rt\u00e9s v\u00e1lik ismertt\u00e9, az ilyen linkeket halad\u00e9ktalanul elt\u00e1vol\u00edtjuk.<\/p>\n\n<p class=\"\" data-start=\"2012\" data-end=\"2348\"><strong data-start=\"2012\" data-end=\"2028\">Szerz\u0151i jog<\/strong><br data-start=\"2028\" data-end=\"2031\" \/>Minden jog fenntartva. Az \u00f6sszes sz\u00f6veg, k\u00e9p, grafika, hang-, vide\u00f3- \u00e9s anim\u00e1ci\u00f3s f\u00e1jl, valamint azok elrendez\u00e9se szerz\u0151i jog \u00e9s m\u00e1s szellemi tulajdont v\u00e9d\u0151 jogszab\u00e1lyok hat\u00e1lya al\u00e1 tartozik. Ezek kereskedelmi c\u00e9lokra nem m\u00e1solhat\u00f3k, nem terjeszthet\u0151k, nem m\u00f3dos\u00edthat\u00f3k \u00e9s nem haszn\u00e1lhat\u00f3k fel m\u00e1s weboldalakon.<\/p>\n\n<p class=\"\" data-start=\"2350\" data-end=\"2595\"><strong data-start=\"2350\" data-end=\"2379\">Tags\u00e1gra vonatkoz\u00f3 inform\u00e1ci\u00f3<\/strong><br data-start=\"2379\" data-end=\"2382\" \/>A Sofiapflege GmbH tagja a Bundesverband f\u00fcr h\u00e4usliche Betreuung und Pflege e.V. (VHBP) szervezetnek, a gondoz\u00e1si \u00e1gazat legmagasabb sz\u00ednvonal\u00e1nak biztos\u00edt\u00e1sa \u00e9s \u00fcgyfeleink sz\u00e1m\u00e1ra a legjobb szolg\u00e1ltat\u00e1sok ny\u00fajt\u00e1sa \u00e9rdek\u00e9ben.<\/p>\n\n<p data-start=\"2350\" data-end=\"2595\"><strong>K\u00e9pek felhaszn\u00e1l\u00e1sa \u00e9s licencinform\u00e1ci\u00f3k<\/strong>A weboldalon haszn\u00e1lt k\u00e9pek az Adobe Stock k\u00edn\u00e1lat\u00e1b\u00f3l \u00e9s saj\u00e1t gy\u00e1rt\u00e1sb\u00f3l sz\u00e1rmaznak. A stock k\u00e9peket az Adobe Stock licencmeg\u00e1llapod\u00e1sai v\u00e9dik, \u00e9s az \u00e9rv\u00e9nyes felhaszn\u00e1l\u00e1si jogoknak megfelel\u0151en ker\u00fclnek felhaszn\u00e1l\u00e1sra. A saj\u00e1t k\u00e9pek minden joga a Sofiapflege GmbH-t illeti. Ezek enged\u00e9ly n\u00e9lk\u00fcli felhaszn\u00e1l\u00e1sa tilos.<\/p>\n\n<p class=\"\" data-start=\"2597\" data-end=\"3044\"><strong data-start=\"2597\" data-end=\"2621\">24 \u00f3r\u00e1s gondoz\u00e1s<\/strong>Fontos t\u00e1j\u00e9koztat\u00e1s a weboldalon haszn\u00e1lt \u201e24 \u00f3r\u00e1s gondoz\u00e1s\u201d kifejez\u00e9sr\u0151l. A k\u00f6znyelvben elterjedt a \u201e24 \u00f3r\u00e1s gondoz\u00e1s\/\u00e1pol\u00e1s\u201d megnevez\u00e9s az otthoni gondoz\u00e1sra, ez azonban nem jelenti azt, hogy a gondoz\u00f3k megszak\u00edt\u00e1s n\u00e9lk\u00fcl dolgozn\u00e1nak vagy 24 \u00f3r\u00e1s k\u00e9szenl\u00e9tet biztos\u00edtan\u00e1nak. A Sofiapflege \u00e1ltal ny\u00fajtott szolg\u00e1ltat\u00e1s pontosabb megnevez\u00e9se az \u201eotthoni k\u00f6z\u00f6ss\u00e9gben v\u00e9gzett gondoz\u00e1s\u201d, amely jobban t\u00fckr\u00f6zi a val\u00f3s csal\u00e1di strukt\u00far\u00e1kat \u00e9s a gondoz\u00f3k, az ell\u00e1t\u00e1sra szorul\u00f3k \u00e9s a hozz\u00e1tartoz\u00f3k k\u00f6z\u00f6tti \u00f6sszetett kapcsolatot.<\/p>\n\n<p>Az \u00e1ltalunk k\u00f6zvet\u00edtett gondoz\u00f3k \u00e1ltal\u00e1ban legfeljebb heti 48 \u00f3r\u00e1t dolgoznak. A munkaid\u0151 meg\u00e1llapod\u00e1s szerint feloszthat\u00f3. \u00c9jszakai feladatok bizonyos m\u00e9rt\u00e9kig egyeztethet\u0151k. \u00c1lland\u00f3 k\u00e9szenl\u00e9t (pl. b\u00e9bi\u0151r eg\u00e9sz \u00e9jszaka) nem megengedett. A jogszer\u0171 \u00e9s megfelel\u0151 munkak\u00f6r\u00fclm\u00e9nyek biztos\u00edt\u00e1sa \u00e9rdek\u00e9ben a gondoz\u00f3kat napi elegend\u0151, megszak\u00edt\u00e1s n\u00e9lk\u00fcli pihen\u0151id\u0151, valamint legal\u00e1bb heti 1 szabadnap illeti meg. Sz\u00edvesen seg\u00edt\u00fcnk egy \u00e1tfog\u00f3 gondoz\u00e1si koncepci\u00f3 kidolgoz\u00e1s\u00e1ban.<\/p>\n\n<p data-start=\"2597\" data-end=\"3044\"><strong data-start=\"3046\" data-end=\"3062\">Adatv\u00e9delem<\/strong>Tov\u00e1bbi inform\u00e1ci\u00f3kat az adatv\u00e9delemr\u0151l az <a href=\"\/datenschutz\/\">Adatv\u00e9delmi nyilatkozatunkban<\/a> tal\u00e1l.<\/p>\n\n<p class=\"\" data-start=\"3046\" data-end=\"3121\"><strong data-start=\"3046\" data-end=\"3062\">K\u00f6z\u00f6ss\u00e9gi m\u00e9dia<\/strong><br data-start=\"3062\" data-end=\"3065\" \/>Az al\u00e1bbi k\u00f6z\u00f6ss\u00e9gi m\u00e9dia platformokon tal\u00e1l meg minket:<\/p>\n\n<ul>\n  <li><a class=\"\" href=\"https:\/\/www.facebook.com\/sofiapflege?locale=de_DE\" target=\"_new\" rel=\"noopener\">Facebook<\/a><\/li>\n  <li><a class=\"\" href=\"https:\/\/www.instagram.com\/sofiapflege\/\" target=\"_new\" rel=\"noopener\">Instagram<\/a><\/li>\n  <li><a class=\"\" href=\"https:\/\/www.linkedin.com\/company\/sofiapflege-gmbh-&amp;-co.-kg\/\" target=\"_new\" rel=\"noopener\">LinkedIn<\/a><\/li>\n  <li><a class=\"\" href=\"https:\/\/www.youtube.com\/@diesofiapflege2694?themeRefresh=1\" target=\"_new\" rel=\"noopener\">YouTube<\/a><\/li>\n<\/ul>\n\n<div>A Sofiapflege GmbH \u00c1ltal\u00e1nos Szerz\u0151d\u00e9si Felt\u00e9telei (\u00c1SZF) az egyedi szerz\u0151d\u00e9ses dokument\u00e1ci\u00f3 r\u00e9szek\u00e9nt ker\u00fclnek \u00e1tad\u00e1sra.<\/div>\t\t\t\t\t\t\t\t<\/div>\n\t\t\t\t\t<\/div>\n\t\t\t\t<\/div>\n\t\t\t\t<\/div>\n\t\t","protected":false},"excerpt":{"rendered":"<p>Impresszum Adatok a \u00a7 5 TMG szerint A weboldal \u00fczemeltet\u0151je Sofiapflege GmbH Wilhelm-Bleyle-Stra\u00dfe 10,71636 Ludwigsburg Telefon: 0800\/ 33 33 233Fax: 07152 \/ 338 99-200E-mail: info@sofiapflege.deWeboldal: www.sofiapflege.de Nyilv\u00e1ntart\u00f3 b\u00edr\u00f3s\u00e1g: Amtsgericht StuttgartC\u00e9gjegyz\u00e9ksz\u00e1m: HRB 744923K\u00f6z\u00f6ss\u00e9gi ad\u00f3sz\u00e1m (\u00c1FA): DE293602092 C\u00e9gjegyz\u00e9sre jogosult \u00fcgyvezet\u0151k:Till Kohlmann, Fabian Schnegotzki Sofiapflege Betreuung GmbH Wilhelm-Bleyle-Stra\u00dfe 10,71636 Ludwigsburg Telefon: 0800\/ 33 33 233Fax: 07152 \/ 338 [&hellip;]<\/p>\n","protected":false},"author":3,"featured_media":0,"parent":0,"menu_order":0,"comment_status":"closed","ping_status":"closed","template":"","meta":{"site-sidebar-layout":"no-sidebar","site-content-layout":"page-builder","ast-site-content-layout":"full-width-container","site-content-style":"default","site-sidebar-style":"default","ast-global-header-display":"","ast-banner-title-visibility":"disabled","ast-main-header-display":"","ast-hfb-above-header-display":"","ast-hfb-below-header-display":"","ast-hfb-mobile-header-display":"","site-post-title":"","ast-breadcrumbs-content":"","ast-featured-img":"disabled","footer-sml-layout":"","ast-disable-related-posts":"","theme-transparent-header-meta":"","adv-header-id-meta":"","stick-header-meta":"","header-above-stick-meta":"","header-main-stick-meta":"","header-below-stick-meta":"","astra-migrate-meta-layouts":"default","ast-page-background-enabled":"default","ast-page-background-meta":{"desktop":{"background-color":"var(--ast-global-color-4)","background-image":"","background-repeat":"repeat","background-position":"center center","background-size":"auto","background-attachment":"scroll","background-type":"","background-media":"","overlay-type":"","overlay-color":"","overlay-opacity":"","overlay-gradient":""},"tablet":{"background-color":"","background-image":"","background-repeat":"repeat","background-position":"center center","background-size":"auto","background-attachment":"scroll","background-type":"","background-media":"","overlay-type":"","overlay-color":"","overlay-opacity":"","overlay-gradient":""},"mobile":{"background-color":"","background-image":"","background-repeat":"repeat","background-position":"center center","background-size":"auto","background-attachment":"scroll","background-type":"","background-media":"","overlay-type":"","overlay-color":"","overlay-opacity":"","overlay-gradient":""}},"ast-content-background-meta":{"desktop":{"background-color":"var(--ast-global-color-5)","background-image":"","background-repeat":"repeat","background-position":"center center","background-size":"auto","background-attachment":"scroll","background-type":"","background-media":"","overlay-type":"","overlay-color":"","overlay-opacity":"","overlay-gradient":""},"tablet":{"background-color":"var(--ast-global-color-5)","background-image":"","background-repeat":"repeat","background-position":"center center","background-size":"auto","background-attachment":"scroll","background-type":"","background-media":"","overlay-type":"","overlay-color":"","overlay-opacity":"","overlay-gradient":""},"mobile":{"background-color":"var(--ast-global-color-5)","background-image":"","background-repeat":"repeat","background-position":"center center","background-size":"auto","background-attachment":"scroll","background-type":"","background-media":"","overlay-type":"","overlay-color":"","overlay-opacity":"","overlay-gradient":""}},"footnotes":""},"class_list":["post-7285","page","type-page","status-publish","hentry"],"yoast_head":"<!-- This site is optimized with the Yoast SEO Premium plugin v27.2 (Yoast SEO v27.2) - https:\/\/yoast.com\/product\/yoast-seo-premium-wordpress\/ -->\n<title>Impressum - Sofiapflege - Daheim statt im Heim<\/title>\n<meta name=\"robots\" content=\"index, follow, max-snippet:-1, max-image-preview:large, max-video-preview:-1\" \/>\n<link rel=\"canonical\" href=\"https:\/\/sofiapflege-jobs.de\/pl\/impressum\/\" \/>\n<meta property=\"og:locale\" content=\"hu_HU\" \/>\n<meta property=\"og:type\" content=\"article\" \/>\n<meta property=\"og:title\" content=\"Impressum\" \/>\n<meta property=\"og:description\" content=\"Impresszum Adatok a \u00a7 5 TMG szerint A weboldal \u00fczemeltet\u0151je Sofiapflege GmbH Wilhelm-Bleyle-Stra\u00dfe 10,71636 Ludwigsburg Telefon: 0800\/ 33 33 233Fax: 07152 \/ 338 99-200E-mail: info@sofiapflege.deWeboldal: www.sofiapflege.de Nyilv\u00e1ntart\u00f3 b\u00edr\u00f3s\u00e1g: Amtsgericht StuttgartC\u00e9gjegyz\u00e9ksz\u00e1m: HRB 744923K\u00f6z\u00f6ss\u00e9gi ad\u00f3sz\u00e1m (\u00c1FA): DE293602092 C\u00e9gjegyz\u00e9sre jogosult \u00fcgyvezet\u0151k:Till Kohlmann, Fabian Schnegotzki Sofiapflege Betreuung GmbH Wilhelm-Bleyle-Stra\u00dfe 10,71636 Ludwigsburg Telefon: 0800\/ 33 33 233Fax: 07152 \/ 338 [&hellip;]\" \/>\n<meta property=\"og:url\" content=\"https:\/\/sofiapflege-jobs.de\/pl\/impressum\/\" \/>\n<meta property=\"og:site_name\" content=\"Sofiapflege - Daheim statt im Heim\" \/>\n<meta property=\"article:modified_time\" content=\"2026-01-27T11:11:55+00:00\" \/>\n<meta name=\"twitter:card\" content=\"summary_large_image\" \/>\n<meta name=\"twitter:label1\" content=\"Becs\u00fclt olvas\u00e1si id\u0151\" \/>\n\t<meta name=\"twitter:data1\" content=\"3 perc\" \/>\n<script type=\"application\/ld+json\" class=\"yoast-schema-graph\">{\"@context\":\"https:\/\/schema.org\",\"@graph\":[{\"@type\":\"WebPage\",\"@id\":\"https:\/\/sofiapflege-jobs.de\/pl\/impressum\/\",\"url\":\"https:\/\/sofiapflege-jobs.de\/pl\/impressum\/\",\"name\":\"Impressum - Sofiapflege - Daheim statt im Heim\",\"isPartOf\":{\"@id\":\"https:\/\/sofiapflege-jobs.de\/#website\"},\"datePublished\":\"2026-01-26T12:22:29+00:00\",\"dateModified\":\"2026-01-27T11:11:55+00:00\",\"breadcrumb\":{\"@id\":\"https:\/\/sofiapflege-jobs.de\/pl\/impressum\/#breadcrumb\"},\"inLanguage\":\"hu\",\"potentialAction\":[{\"@type\":\"ReadAction\",\"target\":[\"https:\/\/sofiapflege-jobs.de\/pl\/impressum\/\"]}]},{\"@type\":\"BreadcrumbList\",\"@id\":\"https:\/\/sofiapflege-jobs.de\/pl\/impressum\/#breadcrumb\",\"itemListElement\":[{\"@type\":\"ListItem\",\"position\":1,\"name\":\"Home\",\"item\":\"https:\/\/sofiapflege-jobs.de\/ro\/\"},{\"@type\":\"ListItem\",\"position\":2,\"name\":\"Impressum\"}]},{\"@type\":\"WebSite\",\"@id\":\"https:\/\/sofiapflege-jobs.de\/#website\",\"url\":\"https:\/\/sofiapflege-jobs.de\/\",\"name\":\"Sofiapflege\",\"description\":\"\",\"publisher\":{\"@id\":\"https:\/\/sofiapflege-jobs.de\/#organization\"},\"potentialAction\":[{\"@type\":\"SearchAction\",\"target\":{\"@type\":\"EntryPoint\",\"urlTemplate\":\"https:\/\/sofiapflege-jobs.de\/?s={search_term_string}\"},\"query-input\":{\"@type\":\"PropertyValueSpecification\",\"valueRequired\":true,\"valueName\":\"search_term_string\"}}],\"inLanguage\":\"hu\"},{\"@type\":\"Organization\",\"@id\":\"https:\/\/sofiapflege-jobs.de\/#organization\",\"name\":\"Sofiapflege\",\"url\":\"https:\/\/sofiapflege-jobs.de\/\",\"logo\":{\"@type\":\"ImageObject\",\"inLanguage\":\"hu\",\"@id\":\"https:\/\/sofiapflege-jobs.de\/#\/schema\/logo\/image\/\",\"url\":\"https:\/\/sofiapflege-jobs.de\/wp-content\/uploads\/2026\/03\/logo-svg-1.svg\",\"contentUrl\":\"https:\/\/sofiapflege-jobs.de\/wp-content\/uploads\/2026\/03\/logo-svg-1.svg\",\"caption\":\"Sofiapflege\"},\"image\":{\"@id\":\"https:\/\/sofiapflege-jobs.de\/#\/schema\/logo\/image\/\"}}]}<\/script>\n<!-- \/ Yoast SEO Premium plugin. -->","yoast_head_json":{"title":"Impressum - Sofiapflege - Daheim statt im Heim","robots":{"index":"index","follow":"follow","max-snippet":"max-snippet:-1","max-image-preview":"max-image-preview:large","max-video-preview":"max-video-preview:-1"},"canonical":"https:\/\/sofiapflege-jobs.de\/pl\/impressum\/","og_locale":"hu_HU","og_type":"article","og_title":"Impressum","og_description":"Impresszum Adatok a \u00a7 5 TMG szerint A weboldal \u00fczemeltet\u0151je Sofiapflege GmbH Wilhelm-Bleyle-Stra\u00dfe 10,71636 Ludwigsburg Telefon: 0800\/ 33 33 233Fax: 07152 \/ 338 99-200E-mail: info@sofiapflege.deWeboldal: www.sofiapflege.de Nyilv\u00e1ntart\u00f3 b\u00edr\u00f3s\u00e1g: Amtsgericht StuttgartC\u00e9gjegyz\u00e9ksz\u00e1m: HRB 744923K\u00f6z\u00f6ss\u00e9gi ad\u00f3sz\u00e1m (\u00c1FA): DE293602092 C\u00e9gjegyz\u00e9sre jogosult \u00fcgyvezet\u0151k:Till Kohlmann, Fabian Schnegotzki Sofiapflege Betreuung GmbH Wilhelm-Bleyle-Stra\u00dfe 10,71636 Ludwigsburg Telefon: 0800\/ 33 33 233Fax: 07152 \/ 338 [&hellip;]","og_url":"https:\/\/sofiapflege-jobs.de\/pl\/impressum\/","og_site_name":"Sofiapflege - Daheim statt im Heim","article_modified_time":"2026-01-27T11:11:55+00:00","twitter_card":"summary_large_image","twitter_misc":{"Becs\u00fclt olvas\u00e1si id\u0151":"3 perc"},"schema":{"@context":"https:\/\/schema.org","@graph":[{"@type":"WebPage","@id":"https:\/\/sofiapflege-jobs.de\/pl\/impressum\/","url":"https:\/\/sofiapflege-jobs.de\/pl\/impressum\/","name":"Impressum - Sofiapflege - Daheim statt im Heim","isPartOf":{"@id":"https:\/\/sofiapflege-jobs.de\/#website"},"datePublished":"2026-01-26T12:22:29+00:00","dateModified":"2026-01-27T11:11:55+00:00","breadcrumb":{"@id":"https:\/\/sofiapflege-jobs.de\/pl\/impressum\/#breadcrumb"},"inLanguage":"hu","potentialAction":[{"@type":"ReadAction","target":["https:\/\/sofiapflege-jobs.de\/pl\/impressum\/"]}]},{"@type":"BreadcrumbList","@id":"https:\/\/sofiapflege-jobs.de\/pl\/impressum\/#breadcrumb","itemListElement":[{"@type":"ListItem","position":1,"name":"Home","item":"https:\/\/sofiapflege-jobs.de\/ro\/"},{"@type":"ListItem","position":2,"name":"Impressum"}]},{"@type":"WebSite","@id":"https:\/\/sofiapflege-jobs.de\/#website","url":"https:\/\/sofiapflege-jobs.de\/","name":"Sofiapflege","description":"","publisher":{"@id":"https:\/\/sofiapflege-jobs.de\/#organization"},"potentialAction":[{"@type":"SearchAction","target":{"@type":"EntryPoint","urlTemplate":"https:\/\/sofiapflege-jobs.de\/?s={search_term_string}"},"query-input":{"@type":"PropertyValueSpecification","valueRequired":true,"valueName":"search_term_string"}}],"inLanguage":"hu"},{"@type":"Organization","@id":"https:\/\/sofiapflege-jobs.de\/#organization","name":"Sofiapflege","url":"https:\/\/sofiapflege-jobs.de\/","logo":{"@type":"ImageObject","inLanguage":"hu","@id":"https:\/\/sofiapflege-jobs.de\/#\/schema\/logo\/image\/","url":"https:\/\/sofiapflege-jobs.de\/wp-content\/uploads\/2026\/03\/logo-svg-1.svg","contentUrl":"https:\/\/sofiapflege-jobs.de\/wp-content\/uploads\/2026\/03\/logo-svg-1.svg","caption":"Sofiapflege"},"image":{"@id":"https:\/\/sofiapflege-jobs.de\/#\/schema\/logo\/image\/"}}]}},"_links":{"self":[{"href":"https:\/\/sofiapflege-jobs.de\/hu\/wp-json\/wp\/v2\/pages\/7285","targetHints":{"allow":["GET"]}}],"collection":[{"href":"https:\/\/sofiapflege-jobs.de\/hu\/wp-json\/wp\/v2\/pages"}],"about":[{"href":"https:\/\/sofiapflege-jobs.de\/hu\/wp-json\/wp\/v2\/types\/page"}],"author":[{"embeddable":true,"href":"https:\/\/sofiapflege-jobs.de\/hu\/wp-json\/wp\/v2\/users\/3"}],"replies":[{"embeddable":true,"href":"https:\/\/sofiapflege-jobs.de\/hu\/wp-json\/wp\/v2\/comments?post=7285"}],"version-history":[{"count":0,"href":"https:\/\/sofiapflege-jobs.de\/hu\/wp-json\/wp\/v2\/pages\/7285\/revisions"}],"wp:attachment":[{"href":"https:\/\/sofiapflege-jobs.de\/hu\/wp-json\/wp\/v2\/media?parent=7285"}],"curies":[{"name":"wp","href":"https:\/\/api.w.org\/{rel}","templated":true}]}}